{"id":2,"date":"2023-05-02T13:03:19","date_gmt":"2023-05-02T10:03:19","guid":{"rendered":"http:\/\/studentpages.ingmanedu.fi\/~aputkone\/naytto\/?page_id=2"},"modified":"2023-05-22T13:13:07","modified_gmt":"2023-05-22T10:13:07","slug":"esimerkkisivu","status":"publish","type":"page","link":"https:\/\/www.kaksinen.fi\/","title":{"rendered":"Kaksinen"},"content":{"rendered":"\n<figure class=\"wp-block-image size-full\"><img decoding=\"async\" loading=\"lazy\" width=\"1171\" height=\"600\" src=\"https:\/\/studentpages.ingmanedu.fi\/~aputkone\/naytto\/wp-content\/uploads\/2023\/05\/cover_2.jpg\" alt=\"\" class=\"wp-image-688\" srcset=\"https:\/\/www.kaksinen.fi\/wp-content\/uploads\/2023\/05\/cover_2.jpg 1171w, https:\/\/www.kaksinen.fi\/wp-content\/uploads\/2023\/05\/cover_2-300x154.jpg 300w, https:\/\/www.kaksinen.fi\/wp-content\/uploads\/2023\/05\/cover_2-1024x525.jpg 1024w, https:\/\/www.kaksinen.fi\/wp-content\/uploads\/2023\/05\/cover_2-768x394.jpg 768w\" sizes=\"(max-width: 1171px) 100vw, 1171px\" \/><\/figure>\n\n\n\n<div style=\"height:75px\" aria-hidden=\"true\" class=\"wp-block-spacer\"><\/div>\n\n\n\n<div class=\"wp-block-group workarea is-layout-constrained\"><div class=\"wp-block-group__inner-container\">\n<div class=\"wp-block-columns is-layout-flex wp-container-4\">\n<div class=\"wp-block-column is-layout-flow\" style=\"flex-basis:66.66%\">\n<div class=\"wp-block-group is-layout-constrained\"><div class=\"wp-block-group__inner-container\">\n<h1 class=\"wp-block-heading has-text-color\" style=\"color:#64412b\">Kaksinen \u2013 jo 15 vuotta ilman korttia ja kyp\u00e4r\u00e4\u00e4.<\/h1>\n\n\n\n<div style=\"height:50px\" aria-hidden=\"true\" class=\"wp-block-spacer\"><\/div>\n\n\n\n<p><strong>Tervetuloa jo mopoiluik\u00e4\u00e4n p\u00e4\u00e4sseen Kaksisen uudistuneille nettisivuille!<\/strong><\/p>\n\n\n\n<p><br>Joskus kaukaisena vuonna 2008 kohtasivat lapsuuden ja taakse j\u00e4\u00e4neen teini-i\u00e4n aikaiset yst\u00e4v\u00e4t Markus ja Bertta Kuopion torilla. Kuulumisia vaihtaakseen ja kahvia litki\u00e4kseen, oli siirrytt\u00e4v\u00e4 toisen asunnolle, josta l\u00f6ytyi pari kitaraa, kummaltakin laulunkappaleita, hieman nauhoituksia ja\u2026 Loppu on tulevaisuuden historiaa. Ovensa jo nyky\u00e4\u00e4n sulkeneen legendaarisen Kuopion Henry\u2019s Pubin j\u00e4rjest\u00e4m\u00e4n esiintymisillan j\u00e4lkeen, vauhdilla jo naapurikuppilaan juomapalkalla keikkaa innokkaasti myyty\u00e4\u00e4n, kutsuttiin aloitteleva nime\u00e4m\u00e4t\u00f6n duo Pannuhuoneen terassille yleis\u00f6\u00e4 viihdytt\u00e4m\u00e4\u00e4n ja niin. Siit\u00e4 se alkoi.<\/p>\n\n\n\n<p>Duo nimesi itsens\u00e4 nimell\u00e4 Kaksinen, olihan kyseess\u00e4 kaksi miest\u00e4, kaksi kitaraa, pari huuliharppua ja ehk\u00e4 saman verran rahaakin. Matkan varrella, keikkam\u00e4\u00e4r\u00e4n kohottua jo kolmenumeroiseksi selke\u00e4sti, on matkaan tarttunut uusia Kaksisia, joiden kera duosta on tullut viisihenkinen kaksikko. Rahaa ei ole silti tullut enemp\u00e4\u00e4.<br><br>Tervetuloa mukaan, tule keikalle, kuuntele levyt. Tuo vaikka mummosikin.<\/p>\n\n\n\n<div style=\"height:30px\" aria-hidden=\"true\" class=\"wp-block-spacer\"><\/div>\n\n\n\n<h2 class=\"wp-block-heading\">Kaksisesta sanottua<\/h2>\n\n\n\n<p><br>Kaksinen on saanut mainosta mediassa ja keikkapaikoilta muun muassa seuraavasti:<br><br><em>\u201dKaksinen on duo. Paitsi jossa on viisi j\u00e4sent\u00e4. Joskus v\u00e4hemm\u00e4n, harvoin enemm\u00e4n. Ainakin se on Markus ja Bertta. Ja Atte. Ja Aku. Ja Timppa. Musiikkialan ammattilaisten vuolaasti kehuma, mutta ennen kaikkea yhtyeen j\u00e4senten \u00e4itien mielest\u00e4 ihastuttava kokoonpano \u2013 vaikka ovatkin toisilleen selke\u00e4sti huonoa seuraa.\u201d<\/em><\/p>\n\n\n\n<p><em>\u201dViisihenkinen duo tarjoaa ja lupaa keikalle hillit\u00f6nt\u00e4 hihityst\u00e4 ja holtitonta hoilausta, vallatonta valistusta ja vaarallisia vahinkoja, todentuntuista tarinointia ja l\u00e4mminhenkist\u00e4 l\u00e4sn\u00e4oloa.\u201d<\/em><br><em><br>\u201dKeikalle on vapaa p\u00e4\u00e4sy. Mutta ei me kyll\u00e4 makseta teillek\u00e4\u00e4n.\u201d<\/em><\/p>\n<\/div><\/div>\n<\/div>\n\n\n\n<div class=\"wp-block-column is-layout-flow\" style=\"flex-basis:33.33%\">\n\n\n<div style=\"height:75px\" aria-hidden=\"true\" class=\"wp-block-spacer\"><\/div>\n\n\n\n<hr class=\"wp-block-separator has-text-color has-neve-link-color-color has-alpha-channel-opacity has-neve-link-color-background-color has-background is-style-dots\"\/>\n\n\n\n<div style=\"height:40px\" aria-hidden=\"true\" class=\"wp-block-spacer\"><\/div>\n\n\n\n\n\n<div style=\"height:50px\" aria-hidden=\"true\" class=\"wp-block-spacer\"><\/div>\n<\/div>\n<\/div>\n\n\n\n<p>Ja ent\u00e4s n\u00e4m\u00e4 huikeat lausunnot musiikkialan ammattilaisilta!<\/p>\n<\/div><\/div>\n\n\n\n<div class=\"wp-block-group workarea is-layout-constrained\"><div class=\"wp-block-group__inner-container\">\n<blockquote class=\"wp-block-quote\">\n<p>&#8221;Ai Kaksinen? Hassu nimi.&#8221;<\/p>\n<cite>Pauli Hanhiniemi<\/cite><\/blockquote>\n\n\n\n<hr class=\"wp-block-separator has-text-color has-neve-link-color-color has-alpha-channel-opacity has-neve-link-color-background-color has-background is-style-dots\"\/>\n<\/div><\/div>\n\n\n\n<div class=\"wp-block-group workarea is-layout-constrained\"><div class=\"wp-block-group__inner-container\">\n<blockquote class=\"wp-block-quote\">\n<p>&#8221;Enk\u00f6s ole tavannut teid\u00e4t aiemminkin?&#8221;<\/p>\n<cite>Jarkko Martikainen<\/cite><\/blockquote>\n\n\n\n<hr class=\"wp-block-separator has-text-color has-neve-link-color-color has-alpha-channel-opacity has-neve-link-color-background-color has-background is-style-dots\"\/>\n<\/div><\/div>\n\n\n\n<div class=\"wp-block-group workarea is-layout-constrained\"><div class=\"wp-block-group__inner-container\">\n<blockquote class=\"wp-block-quote\">\n<p>&#8221;T\u00e4m\u00e4 on meid\u00e4n b\u00e4kk\u00e4ri, ei teid\u00e4n.&#8221;<\/p>\n<cite>Vesterinen Yhtyeineen<\/cite><\/blockquote>\n\n\n\n<hr class=\"wp-block-separator has-text-color has-neve-link-color-color has-alpha-channel-opacity has-neve-link-color-background-color has-background is-style-dots\"\/>\n<\/div><\/div>\n\n\n\n<div class=\"wp-block-group workarea is-layout-constrained\"><div class=\"wp-block-group__inner-container\">\n<blockquote class=\"wp-block-quote\">\n<p>&#8221;Ei niin paskaa kuin voisi ensin\u00e4kem\u00e4lt\u00e4 luulla.&#8221;<\/p>\n<cite>Mikko Tegelman<\/cite><\/blockquote>\n\n\n\n<hr class=\"wp-block-separator has-text-color has-neve-link-color-color has-alpha-channel-opacity has-neve-link-color-background-color has-background is-style-dots\"\/>\n<\/div><\/div>\n\n\n\n<div class=\"wp-block-group workarea is-layout-constrained\"><div class=\"wp-block-group__inner-container\">\n<div class=\"wp-block-group is-layout-constrained\"><div class=\"wp-block-group__inner-container\">\n<blockquote class=\"wp-block-quote\">\n<p>\u201dTiukka poppoo, on aitoa taiteilijaa, p\u00e4tevi\u00e4 muusikoita ja yksi laulava puli.\u201d<\/p>\n<cite>Master Bates, Turmion K\u00e4til\u00f6t<\/cite><\/blockquote>\n<\/div><\/div>\n\n\n\n<hr class=\"wp-block-separator has-text-color has-neve-link-color-color has-alpha-channel-opacity has-neve-link-color-background-color has-background is-style-dots\"\/>\n\n\n\n<blockquote class=\"wp-block-quote\">\n<p>&#8221;Hei toi on se Kaksisen basisti!&#8221;<\/p>\n<cite>Tuntematon juopunut Jurassicrockissa<\/cite><\/blockquote>\n<\/div><\/div>\n\n\n\n<div style=\"height:50px\" aria-hidden=\"true\" class=\"wp-block-spacer\"><\/div>\n","protected":false},"excerpt":{"rendered":"<p>Kaksinen \u2013 jo 15 vuotta ilman korttia ja kyp\u00e4r\u00e4\u00e4. Tervetuloa jo mopoiluik\u00e4\u00e4n p\u00e4\u00e4sseen Kaksisen uudistuneille nettisivuille! Joskus kaukaisena vuonna 2008 kohtasivat lapsuuden ja taakse j\u00e4\u00e4neen teini-i\u00e4n aikaiset yst\u00e4v\u00e4t Markus ja Bertta Kuopion torilla. Kuulumisia vaihtaakseen ja kahvia litki\u00e4kseen, oli siirrytt\u00e4v\u00e4 toisen asunnolle, josta l\u00f6ytyi pari kitaraa, kummaltakin laulunkappaleita, hieman nauhoituksia ja\u2026 Loppu on tulevaisuuden historiaa.&hellip;&nbsp;<a href=\"https:\/\/www.kaksinen.fi\/\" rel=\"bookmark\">Lue lis\u00e4\u00e4 &raquo;<span class=\"screen-reader-text\">Kaksinen<\/span><\/a><\/p>\n","protected":false},"author":1,"featured_media":0,"parent":0,"menu_order":0,"comment_status":"closed","ping_status":"open","template":"","meta":{"neve_meta_sidebar":"","neve_meta_container":"","neve_meta_enable_content_width":"","neve_meta_content_width":0,"neve_meta_title_alignment":"","neve_meta_author_avatar":"","neve_post_elements_order":"","neve_meta_disable_header":"","neve_meta_disable_footer":"","neve_meta_disable_title":"on","ngg_post_thumbnail":0},"yoast_head":"<!-- This site is optimized with the Yoast SEO plugin v21.8.1 - https:\/\/yoast.com\/wordpress\/plugins\/seo\/ -->\n<title>Kaksinen &#8902; Etusivu<\/title>\n<meta name=\"description\" content=\"Viisihenkinen duo Kaksinen tarjoaa hillit\u00f6nt\u00e4 hihityst\u00e4 ja holtitonta hoilausta ja vaarallisia vahinkoja ja todentuntuista tarinointia.\" \/>\n<meta name=\"robots\" content=\"index, follow, max-snippet:-1, max-image-preview:large, max-video-preview:-1\" \/>\n<link rel=\"canonical\" href=\"https:\/\/www.kaksinen.fi\/\" \/>\n<meta property=\"og:locale\" content=\"fi_FI\" \/>\n<meta property=\"og:type\" content=\"article\" \/>\n<meta property=\"og:title\" content=\"Kaksinen &#8902; Etusivu\" \/>\n<meta property=\"og:description\" content=\"Viisihenkinen duo Kaksinen tarjoaa hillit\u00f6nt\u00e4 hihityst\u00e4 ja holtitonta hoilausta ja vaarallisia vahinkoja ja todentuntuista tarinointia.\" \/>\n<meta property=\"og:url\" content=\"https:\/\/www.kaksinen.fi\/\" \/>\n<meta property=\"og:site_name\" content=\"Kaksinen\" \/>\n<meta property=\"article:publisher\" content=\"https:\/\/www.facebook.com\/Kaksinen\" \/>\n<meta property=\"article:modified_time\" content=\"2023-05-22T10:13:07+00:00\" \/>\n<meta property=\"og:image\" content=\"https:\/\/studentpages.ingmanedu.fi\/~aputkone\/naytto\/wp-content\/uploads\/2023\/05\/cover_2.jpg\" \/>\n<script type=\"application\/ld+json\" class=\"yoast-schema-graph\">{\"@context\":\"https:\/\/schema.org\",\"@graph\":[{\"@type\":\"WebPage\",\"@id\":\"https:\/\/www.kaksinen.fi\/\",\"url\":\"https:\/\/www.kaksinen.fi\/\",\"name\":\"Kaksinen &#8902; Etusivu\",\"isPartOf\":{\"@id\":\"https:\/\/www.kaksinen.fi\/#website\"},\"datePublished\":\"2023-05-02T10:03:19+00:00\",\"dateModified\":\"2023-05-22T10:13:07+00:00\",\"description\":\"Viisihenkinen duo Kaksinen tarjoaa hillit\u00f6nt\u00e4 hihityst\u00e4 ja holtitonta hoilausta ja vaarallisia vahinkoja ja todentuntuista tarinointia.\",\"breadcrumb\":{\"@id\":\"https:\/\/www.kaksinen.fi\/#breadcrumb\"},\"inLanguage\":\"fi\",\"potentialAction\":[{\"@type\":\"ReadAction\",\"target\":[\"https:\/\/www.kaksinen.fi\/\"]}]},{\"@type\":\"BreadcrumbList\",\"@id\":\"https:\/\/www.kaksinen.fi\/#breadcrumb\",\"itemListElement\":[{\"@type\":\"ListItem\",\"position\":1,\"name\":\"Etusivu\",\"item\":\"https:\/\/www.kaksinen.fi\/\"},{\"@type\":\"ListItem\",\"position\":2,\"name\":\"Kaksinen\"}]},{\"@type\":\"WebSite\",\"@id\":\"https:\/\/www.kaksinen.fi\/#website\",\"url\":\"https:\/\/www.kaksinen.fi\/\",\"name\":\"Kaksinen\",\"description\":\"Viisihenkinen duo\",\"publisher\":{\"@id\":\"https:\/\/www.kaksinen.fi\/#organization\"},\"potentialAction\":[{\"@type\":\"SearchAction\",\"target\":{\"@type\":\"EntryPoint\",\"urlTemplate\":\"https:\/\/www.kaksinen.fi\/?s={search_term_string}\"},\"query-input\":\"required name=search_term_string\"}],\"inLanguage\":\"fi\"},{\"@type\":\"Organization\",\"@id\":\"https:\/\/www.kaksinen.fi\/#organization\",\"name\":\"Kaksinen\",\"alternateName\":\"Kaksinen band\",\"url\":\"https:\/\/www.kaksinen.fi\/\",\"logo\":{\"@type\":\"ImageObject\",\"inLanguage\":\"fi\",\"@id\":\"https:\/\/www.kaksinen.fi\/#\/schema\/logo\/image\/\",\"url\":\"https:\/\/www.kaksinen.fi\/wp-content\/uploads\/2023\/05\/cropped-logo_pyorea.png\",\"contentUrl\":\"https:\/\/www.kaksinen.fi\/wp-content\/uploads\/2023\/05\/cropped-logo_pyorea.png\",\"width\":512,\"height\":512,\"caption\":\"Kaksinen\"},\"image\":{\"@id\":\"https:\/\/www.kaksinen.fi\/#\/schema\/logo\/image\/\"},\"sameAs\":[\"https:\/\/www.facebook.com\/Kaksinen\",\"https:\/\/www.instagram.com\/kaksinenband\/\"]}]}<\/script>\n<!-- \/ Yoast SEO plugin. -->","yoast_head_json":{"title":"Kaksinen &#8902; Etusivu","description":"Viisihenkinen duo Kaksinen tarjoaa hillit\u00f6nt\u00e4 hihityst\u00e4 ja holtitonta hoilausta ja vaarallisia vahinkoja ja todentuntuista tarinointia.","robots":{"index":"index","follow":"follow","max-snippet":"max-snippet:-1","max-image-preview":"max-image-preview:large","max-video-preview":"max-video-preview:-1"},"canonical":"https:\/\/www.kaksinen.fi\/","og_locale":"fi_FI","og_type":"article","og_title":"Kaksinen &#8902; Etusivu","og_description":"Viisihenkinen duo Kaksinen tarjoaa hillit\u00f6nt\u00e4 hihityst\u00e4 ja holtitonta hoilausta ja vaarallisia vahinkoja ja todentuntuista tarinointia.","og_url":"https:\/\/www.kaksinen.fi\/","og_site_name":"Kaksinen","article_publisher":"https:\/\/www.facebook.com\/Kaksinen","article_modified_time":"2023-05-22T10:13:07+00:00","og_image":[{"url":"https:\/\/studentpages.ingmanedu.fi\/~aputkone\/naytto\/wp-content\/uploads\/2023\/05\/cover_2.jpg"}],"schema":{"@context":"https:\/\/schema.org","@graph":[{"@type":"WebPage","@id":"https:\/\/www.kaksinen.fi\/","url":"https:\/\/www.kaksinen.fi\/","name":"Kaksinen &#8902; Etusivu","isPartOf":{"@id":"https:\/\/www.kaksinen.fi\/#website"},"datePublished":"2023-05-02T10:03:19+00:00","dateModified":"2023-05-22T10:13:07+00:00","description":"Viisihenkinen duo Kaksinen tarjoaa hillit\u00f6nt\u00e4 hihityst\u00e4 ja holtitonta hoilausta ja vaarallisia vahinkoja ja todentuntuista tarinointia.","breadcrumb":{"@id":"https:\/\/www.kaksinen.fi\/#breadcrumb"},"inLanguage":"fi","potentialAction":[{"@type":"ReadAction","target":["https:\/\/www.kaksinen.fi\/"]}]},{"@type":"BreadcrumbList","@id":"https:\/\/www.kaksinen.fi\/#breadcrumb","itemListElement":[{"@type":"ListItem","position":1,"name":"Etusivu","item":"https:\/\/www.kaksinen.fi\/"},{"@type":"ListItem","position":2,"name":"Kaksinen"}]},{"@type":"WebSite","@id":"https:\/\/www.kaksinen.fi\/#website","url":"https:\/\/www.kaksinen.fi\/","name":"Kaksinen","description":"Viisihenkinen duo","publisher":{"@id":"https:\/\/www.kaksinen.fi\/#organization"},"potentialAction":[{"@type":"SearchAction","target":{"@type":"EntryPoint","urlTemplate":"https:\/\/www.kaksinen.fi\/?s={search_term_string}"},"query-input":"required name=search_term_string"}],"inLanguage":"fi"},{"@type":"Organization","@id":"https:\/\/www.kaksinen.fi\/#organization","name":"Kaksinen","alternateName":"Kaksinen band","url":"https:\/\/www.kaksinen.fi\/","logo":{"@type":"ImageObject","inLanguage":"fi","@id":"https:\/\/www.kaksinen.fi\/#\/schema\/logo\/image\/","url":"https:\/\/www.kaksinen.fi\/wp-content\/uploads\/2023\/05\/cropped-logo_pyorea.png","contentUrl":"https:\/\/www.kaksinen.fi\/wp-content\/uploads\/2023\/05\/cropped-logo_pyorea.png","width":512,"height":512,"caption":"Kaksinen"},"image":{"@id":"https:\/\/www.kaksinen.fi\/#\/schema\/logo\/image\/"},"sameAs":["https:\/\/www.facebook.com\/Kaksinen","https:\/\/www.instagram.com\/kaksinenband\/"]}]}},"_links":{"self":[{"href":"https:\/\/www.kaksinen.fi\/index.php?rest_route=\/wp\/v2\/pages\/2"}],"collection":[{"href":"https:\/\/www.kaksinen.fi\/index.php?rest_route=\/wp\/v2\/pages"}],"about":[{"href":"https:\/\/www.kaksinen.fi\/index.php?rest_route=\/wp\/v2\/types\/page"}],"author":[{"embeddable":true,"href":"https:\/\/www.kaksinen.fi\/index.php?rest_route=\/wp\/v2\/users\/1"}],"replies":[{"embeddable":true,"href":"https:\/\/www.kaksinen.fi\/index.php?rest_route=%2Fwp%2Fv2%2Fcomments&post=2"}],"version-history":[{"count":152,"href":"https:\/\/www.kaksinen.fi\/index.php?rest_route=\/wp\/v2\/pages\/2\/revisions"}],"predecessor-version":[{"id":994,"href":"https:\/\/www.kaksinen.fi\/index.php?rest_route=\/wp\/v2\/pages\/2\/revisions\/994"}],"wp:attachment":[{"href":"https:\/\/www.kaksinen.fi\/index.php?rest_route=%2Fwp%2Fv2%2Fmedia&parent=2"}],"curies":[{"name":"wp","href":"https:\/\/api.w.org\/{rel}","templated":true}]}}