{"id":22,"date":"2023-05-02T14:26:00","date_gmt":"2023-05-02T11:26:00","guid":{"rendered":"https:\/\/studentpages.ingmanedu.fi\/~aputkone\/naytto\/?page_id=22"},"modified":"2023-05-17T19:28:54","modified_gmt":"2023-05-17T16:28:54","slug":"bandi","status":"publish","type":"page","link":"https:\/\/www.kaksinen.fi\/?page_id=22","title":{"rendered":"B\u00e4ndi"},"content":{"rendered":"\n<figure class=\"wp-block-image size-full\"><img decoding=\"async\" loading=\"lazy\" width=\"1170\" height=\"600\" src=\"https:\/\/studentpages.ingmanedu.fi\/~aputkone\/naytto\/wp-content\/uploads\/2023\/05\/cover_1.jpg\" alt=\"Keikkavarusteet lavalla punaisessa valossa.\" class=\"wp-image-513\" srcset=\"https:\/\/www.kaksinen.fi\/wp-content\/uploads\/2023\/05\/cover_1.jpg 1170w, https:\/\/www.kaksinen.fi\/wp-content\/uploads\/2023\/05\/cover_1-300x154.jpg 300w, https:\/\/www.kaksinen.fi\/wp-content\/uploads\/2023\/05\/cover_1-1024x525.jpg 1024w, https:\/\/www.kaksinen.fi\/wp-content\/uploads\/2023\/05\/cover_1-768x394.jpg 768w\" sizes=\"(max-width: 1170px) 100vw, 1170px\" \/><\/figure>\n\n\n\n<div style=\"height:75px\" aria-hidden=\"true\" class=\"wp-block-spacer\"><\/div>\n\n\n\n<div class=\"wp-block-group workarea is-layout-constrained\"><div class=\"wp-block-group__inner-container\">\n<h1 class=\"wp-block-heading has-text-color\" style=\"color:#64412b\">Tarina<\/h1>\n\n\n\n<div style=\"height:50px\" aria-hidden=\"true\" class=\"wp-block-spacer\"><\/div>\n\n\n\n<p>Kaksisen tarina alkoi siit\u00e4, ett\u00e4 oli kaksi miest\u00e4 ja kaksi kitaraa (ja kaksi vanhaa huuliharppua). Omaa musiikkia esitt\u00e4v\u00e4 laulaja-lauluntekij\u00e4kaksikko Savosta. Siin\u00e4 l\u00e4ht\u00f6kohta.\u00a0Mutta hyvill\u00e4 asioilla on tapana laajentua. Nyky\u00e4\u00e4n, vaikka duona edelleen k\u00e4ymmekin \u00f6yh\u00f6ttelem\u00e4ss\u00e4, on usein se suosituin esiintymismuotomme ihan Kaksinen. Siis Kaksinen Band! Ja se on hyv\u00e4 se. J\u00e4senist\u00f6 on nyt ykk\u00f6skent\u00e4n kokoonpanossa, t\u00e4t\u00e4 kirjoittaessa vuonna 2023, vakiintunut seuraaviin kerrassaan ihastuttaviin naamoihin, tosin keikoilla v\u00e4ke\u00e4 voi olla eri n\u00e4k\u00f6ist\u00e4, v\u00e4hemm\u00e4n tai enemm\u00e4n!<br><br>J\u00e4senten esittely alla, t\u00e4ss\u00e4. Lue jo!<\/p>\n\n\n\n<div style=\"height:80px\" aria-hidden=\"true\" class=\"wp-block-spacer\"><\/div>\n\n\n\n<div class=\"wp-block-columns is-layout-flex wp-container-3\">\n<div class=\"wp-block-column is-layout-flow\" style=\"flex-basis:33.33%\">\n<figure class=\"wp-block-image size-full is-resized\"><img decoding=\"async\" loading=\"lazy\" src=\"http:\/\/studentpages.ingmanedu.fi\/~aputkone\/naytto\/wp-content\/uploads\/2023\/05\/make.png\" alt=\"Markus Petsalo, laulu ja kitara\" class=\"wp-image-335\" width=\"212\" height=\"212\" srcset=\"https:\/\/www.kaksinen.fi\/wp-content\/uploads\/2023\/05\/make.png 283w, https:\/\/www.kaksinen.fi\/wp-content\/uploads\/2023\/05\/make-150x150.png 150w\" sizes=\"(max-width: 212px) 100vw, 212px\" \/><\/figure>\n<\/div>\n\n\n\n<div class=\"wp-block-column is-layout-flow\" style=\"flex-basis:66.66%\">\n<h3 class=\"wp-block-heading has-text-color\" style=\"color:#64412b\">Markus.<\/h3>\n\n\n\n<p>&#8221;Valan tehnyt taiteilija&#8221;, joka on ehtym\u00e4t\u00f6n melodioiden ja s\u00e4velharmonioiden l\u00e4hde. Kitaristi, joka on soittanut kitaraa joka p\u00e4iv\u00e4 usean vuoden ajan. Aliarvostettu laulaja. Esiintyy Kaksisen keikoilla usein hattu p\u00e4\u00e4ss\u00e4, halvan, k\u00e4yt\u00f6nj\u00e4lki\u00e4 ker\u00e4nneen kitaran kanssa. <br><br>Kohtuuttoman taitava esiintyj\u00e4, kokenut konkari monen kokoisilta lavoilta, uskomaton multilahjakkuus. Ja niin vaatimatonkin.<\/p>\n<\/div>\n<\/div>\n\n\n\n<div style=\"height:50px\" aria-hidden=\"true\" class=\"wp-block-spacer\"><\/div>\n\n\n\n<div class=\"wp-block-columns is-layout-flex wp-container-6\">\n<div class=\"wp-block-column is-layout-flow\" style=\"flex-basis:33.33%\">\n<figure class=\"wp-block-image size-full is-resized\"><img decoding=\"async\" loading=\"lazy\" src=\"http:\/\/studentpages.ingmanedu.fi\/~aputkone\/naytto\/wp-content\/uploads\/2023\/05\/petteri.png\" alt=\"Petteri Putkonen, laulu ja kitara\" class=\"wp-image-341\" width=\"212\" height=\"212\" srcset=\"https:\/\/www.kaksinen.fi\/wp-content\/uploads\/2023\/05\/petteri.png 314w, https:\/\/www.kaksinen.fi\/wp-content\/uploads\/2023\/05\/petteri-300x300.png 300w, https:\/\/www.kaksinen.fi\/wp-content\/uploads\/2023\/05\/petteri-150x150.png 150w\" sizes=\"(max-width: 212px) 100vw, 212px\" \/><\/figure>\n<\/div>\n\n\n\n<div class=\"wp-block-column is-layout-flow\" style=\"flex-basis:66.66%\">\n<h3 class=\"wp-block-heading\">Bertta.<\/h3>\n\n\n\n<p>Kaksisen keikoilla saa kuulemma itke\u00e4 ja nauraa. Syyllinen on h\u00e4n. Laulut liikuttaa ja v\u00e4lispiikit kuten &#8221;jos t\u00e4m\u00e4n j\u00e4lkeen joku ei l\u00f6ydy hirtt\u00e4ytyneen\u00e4 vessasta, niin oli paska keikka!&#8221; koskettaa. Bertta kirjoittaa rehellisi\u00e4, tarkkan\u00e4k\u00f6isi\u00e4, syd\u00e4mellisi\u00e4 ja samaistuttavissa olevia biisej\u00e4 aikuisten el\u00e4m\u00e4st\u00e4. <\/p>\n\n\n\n<p>Kohtalaisen kelvoton muusikoksi, mutta korvaa sen innokkuudella. Huonosti. Laulava puli.<\/p>\n<\/div>\n<\/div>\n\n\n\n<div style=\"height:50px\" aria-hidden=\"true\" class=\"wp-block-spacer\"><\/div>\n\n\n\n<div class=\"wp-block-columns is-layout-flex wp-container-9\">\n<div class=\"wp-block-column is-layout-flow\" style=\"flex-basis:33.33%\">\n<figure class=\"wp-block-image size-full\"><img decoding=\"async\" loading=\"lazy\" width=\"212\" height=\"212\" src=\"http:\/\/studentpages.ingmanedu.fi\/~aputkone\/naytto\/wp-content\/uploads\/2023\/05\/atte.png\" alt=\"Atte Antikainen, rummut\" class=\"wp-image-366\" srcset=\"https:\/\/www.kaksinen.fi\/wp-content\/uploads\/2023\/05\/atte.png 212w, https:\/\/www.kaksinen.fi\/wp-content\/uploads\/2023\/05\/atte-150x150.png 150w\" sizes=\"(max-width: 212px) 100vw, 212px\" \/><\/figure>\n<\/div>\n\n\n\n<div class=\"wp-block-column is-layout-flow\" style=\"flex-basis:66.66%\">\n<h3 class=\"wp-block-heading\">Atte.<\/h3>\n\n\n\n<p>Atte on ainoa j\u00e4senemme, joka edustaa niin sanottua \u201dpoikab\u00e4ndi\u201d -hahmoa. Erityisesti kaikkien naiseksi itsens\u00e4 tuntevien 64+ kosteiden p\u00e4iv\u00e4unien ykk\u00f6skohde. Houkuttelee taidoillaan ja komeudellaan satunnaisesti my\u00f6s joitain naisia alle +40 b\u00e4ndimme keikoille. Oikeasti rehellisesti Atte on todella taitava soittaja (rumpaliksi) ja hurjan hauska ja sympaattinen mies. <br><br>Jos saisi universumilta mahdollisuuden valita, olisinko ihan itse Atte vaiko vaikka peltomyyr\u00e4, niin pian jo tiet\u00e4isin millaista pienjyrsij\u00e4n el\u00e4m\u00e4 on!<\/p>\n<\/div>\n<\/div>\n\n\n\n<div style=\"height:50px\" aria-hidden=\"true\" class=\"wp-block-spacer\"><\/div>\n\n\n\n<div class=\"wp-block-columns is-layout-flex wp-container-12\">\n<div class=\"wp-block-column is-layout-flow\" style=\"flex-basis:33.33%\">\n<figure class=\"wp-block-image size-full\"><img decoding=\"async\" loading=\"lazy\" width=\"212\" height=\"212\" src=\"http:\/\/studentpages.ingmanedu.fi\/~aputkone\/naytto\/wp-content\/uploads\/2023\/05\/jussila.png\" alt=\"Timo Jussila, basso\" class=\"wp-image-510\" srcset=\"https:\/\/www.kaksinen.fi\/wp-content\/uploads\/2023\/05\/jussila.png 212w, https:\/\/www.kaksinen.fi\/wp-content\/uploads\/2023\/05\/jussila-150x150.png 150w\" sizes=\"(max-width: 212px) 100vw, 212px\" \/><\/figure>\n<\/div>\n\n\n\n<div class=\"wp-block-column is-layout-flow\" style=\"flex-basis:66.66%\">\n<h3 class=\"wp-block-heading\">Timo.<\/h3>\n\n\n\n<p>Sen lis\u00e4ksi, ett\u00e4 Timpalla on kalusto, soundi ja soittotaito priima (eli enemm\u00e4n kuin hallussa), niin h\u00e4n on basisti, jonka mik\u00e4 tahansa b\u00e4ndi haluaisi riveihins\u00e4. <\/p>\n\n\n\n<p>\u2026ja t\u00e4m\u00e4h\u00e4n on my\u00f6s sin\u00e4ns\u00e4 totuus, ett\u00e4 Timo soittaa ep\u00e4virallisen laskelman mukaan noin kaikissa muissa, plus kolmessa, b\u00e4ndiss\u00e4. Ep\u00e4ilemme my\u00f6s, ett\u00e4 Timo soittaa valenimill\u00e4 my\u00f6s maailmant\u00e4htien taustalla tai keulilla, sill\u00e4 Timon liitytty\u00e4 vakinaiseksi Kaksiseen, Lemmykin lopetti. T\u00e4m\u00e4 on tarinamme ja pysymme siin\u00e4.<\/p>\n<\/div>\n<\/div>\n\n\n\n<div style=\"height:50px\" aria-hidden=\"true\" class=\"wp-block-spacer\"><\/div>\n\n\n\n<div class=\"wp-block-columns is-layout-flex wp-container-15\">\n<div class=\"wp-block-column is-layout-flow\" style=\"flex-basis:33.33%\">\n<figure class=\"wp-block-image size-full is-resized\"><img decoding=\"async\" loading=\"lazy\" src=\"http:\/\/studentpages.ingmanedu.fi\/~aputkone\/naytto\/wp-content\/uploads\/2023\/05\/aku.png\" alt=\"Aku Kolari, saksofoni\" class=\"wp-image-338\" width=\"212\" height=\"212\" srcset=\"https:\/\/www.kaksinen.fi\/wp-content\/uploads\/2023\/05\/aku.png 342w, https:\/\/www.kaksinen.fi\/wp-content\/uploads\/2023\/05\/aku-300x300.png 300w, https:\/\/www.kaksinen.fi\/wp-content\/uploads\/2023\/05\/aku-150x150.png 150w\" sizes=\"(max-width: 212px) 100vw, 212px\" \/><\/figure>\n<\/div>\n\n\n\n<div class=\"wp-block-column is-layout-flow\" style=\"flex-basis:66.66%\">\n<h3 class=\"wp-block-heading\">Aku.<\/h3>\n\n\n\n<p>Oletko koskaan n\u00e4hnyt sellaista unta, jossa sinua on katsonut leve\u00e4harteinen k\u00f6nsik\u00e4s, hymyillen sinulle helmenvalkoisilla hampaillaan leikkivien silmien tuikkiessa? Syd\u00e4mesi v\u00e4risten kuin lampaan saparo, olet unen usvassa ottanut askeleen l\u00e4hemm\u00e4s tuota kreikkalaismallista Adonista, saadaksesi hivell\u00e4 varoen sormiesi p\u00e4ill\u00e4 tuota taianomaista miehisyyden n\u00e4ky\u00e4? Ja juuri kun aiot koskettaa, tuo kuvajainen on kaivanut vaskit\u00f6tter\u00f6n t\u00e4ytel\u00e4isille huulilleen ja kajauttanut \u201dTROO!\u201d<br><br>Onneksi olkoon, olet kohdannut foni-tonttimme kruunaamattoman kuninkaan, h\u00e4n on Aku.<\/p>\n<\/div>\n<\/div>\n\n\n\n<div style=\"height:50px\" aria-hidden=\"true\" class=\"wp-block-spacer\"><\/div>\n<\/div><\/div>\n","protected":false},"excerpt":{"rendered":"<p>Tarina Kaksisen tarina alkoi siit\u00e4, ett\u00e4 oli kaksi miest\u00e4 ja kaksi kitaraa (ja kaksi vanhaa huuliharppua). Omaa musiikkia esitt\u00e4v\u00e4 laulaja-lauluntekij\u00e4kaksikko Savosta. Siin\u00e4 l\u00e4ht\u00f6kohta.\u00a0Mutta hyvill\u00e4 asioilla on tapana laajentua. Nyky\u00e4\u00e4n, vaikka duona edelleen k\u00e4ymmekin \u00f6yh\u00f6ttelem\u00e4ss\u00e4, on usein se suosituin esiintymismuotomme ihan Kaksinen. Siis Kaksinen Band! Ja se on hyv\u00e4 se. J\u00e4senist\u00f6 on nyt ykk\u00f6skent\u00e4n kokoonpanossa, t\u00e4t\u00e4&hellip;&nbsp;<a href=\"https:\/\/www.kaksinen.fi\/?page_id=22\" rel=\"bookmark\">Lue lis\u00e4\u00e4 &raquo;<span class=\"screen-reader-text\">B\u00e4ndi<\/span><\/a><\/p>\n","protected":false},"author":1,"featured_media":0,"parent":0,"menu_order":0,"comment_status":"closed","ping_status":"closed","template":"","meta":{"neve_meta_sidebar":"","neve_meta_container":"","neve_meta_enable_content_width":"","neve_meta_content_width":0,"neve_meta_title_alignment":"","neve_meta_author_avatar":"","neve_post_elements_order":"","neve_meta_disable_header":"","neve_meta_disable_footer":"","neve_meta_disable_title":"on","ngg_post_thumbnail":0},"yoast_head":"<!-- This site is optimized with the Yoast SEO plugin v21.8.1 - https:\/\/yoast.com\/wordpress\/plugins\/seo\/ -->\n<title>Kaksinen &#8902; B\u00e4ndi<\/title>\n<meta name=\"description\" content=\"Kaksisen tarina alkoi siit\u00e4, ett\u00e4 oli kaksi miest\u00e4 ja kaksi kitaraa ja kaksi vanhaa huuliharppua. Esittelyss\u00e4 yhtye ja sen j\u00e4senet.\" \/>\n<meta name=\"robots\" content=\"index, follow, max-snippet:-1, max-image-preview:large, max-video-preview:-1\" \/>\n<link rel=\"canonical\" href=\"https:\/\/www.kaksinen.fi\/?page_id=22\" \/>\n<meta property=\"og:locale\" content=\"fi_FI\" \/>\n<meta property=\"og:type\" content=\"article\" \/>\n<meta property=\"og:title\" content=\"Kaksinen &#8902; B\u00e4ndi\" \/>\n<meta property=\"og:description\" content=\"Kaksisen tarina alkoi siit\u00e4, ett\u00e4 oli kaksi miest\u00e4 ja kaksi kitaraa ja kaksi vanhaa huuliharppua. Esittelyss\u00e4 yhtye ja sen j\u00e4senet.\" \/>\n<meta property=\"og:url\" content=\"https:\/\/www.kaksinen.fi\/?page_id=22\" \/>\n<meta property=\"og:site_name\" content=\"Kaksinen\" \/>\n<meta property=\"article:publisher\" content=\"https:\/\/www.facebook.com\/Kaksinen\" \/>\n<meta property=\"article:modified_time\" content=\"2023-05-17T16:28:54+00:00\" \/>\n<meta property=\"og:image\" content=\"https:\/\/studentpages.ingmanedu.fi\/~aputkone\/naytto\/wp-content\/uploads\/2023\/05\/cover_1.jpg\" \/>\n<script type=\"application\/ld+json\" class=\"yoast-schema-graph\">{\"@context\":\"https:\/\/schema.org\",\"@graph\":[{\"@type\":\"Article\",\"@id\":\"https:\/\/www.kaksinen.fi\/?page_id=22#article\",\"isPartOf\":{\"@id\":\"https:\/\/www.kaksinen.fi\/?page_id=22\"},\"author\":{\"name\":\"admin\",\"@id\":\"https:\/\/www.kaksinen.fi\/#\/schema\/person\/e71b548e4360549fd3621714596bb5be\"},\"headline\":\"B\u00e4ndi\",\"datePublished\":\"2023-05-02T11:26:00+00:00\",\"dateModified\":\"2023-05-17T16:28:54+00:00\",\"mainEntityOfPage\":{\"@id\":\"https:\/\/www.kaksinen.fi\/?page_id=22\"},\"wordCount\":459,\"publisher\":{\"@id\":\"https:\/\/www.kaksinen.fi\/#organization\"},\"inLanguage\":\"fi\"},{\"@type\":[\"WebPage\",\"AboutPage\"],\"@id\":\"https:\/\/www.kaksinen.fi\/?page_id=22\",\"url\":\"https:\/\/www.kaksinen.fi\/?page_id=22\",\"name\":\"Kaksinen &#8902; B\u00e4ndi\",\"isPartOf\":{\"@id\":\"https:\/\/www.kaksinen.fi\/#website\"},\"datePublished\":\"2023-05-02T11:26:00+00:00\",\"dateModified\":\"2023-05-17T16:28:54+00:00\",\"description\":\"Kaksisen tarina alkoi siit\u00e4, ett\u00e4 oli kaksi miest\u00e4 ja kaksi kitaraa ja kaksi vanhaa huuliharppua. Esittelyss\u00e4 yhtye ja sen j\u00e4senet.\",\"breadcrumb\":{\"@id\":\"https:\/\/www.kaksinen.fi\/?page_id=22#breadcrumb\"},\"inLanguage\":\"fi\",\"potentialAction\":[{\"@type\":\"ReadAction\",\"target\":[\"https:\/\/www.kaksinen.fi\/?page_id=22\"]}]},{\"@type\":\"BreadcrumbList\",\"@id\":\"https:\/\/www.kaksinen.fi\/?page_id=22#breadcrumb\",\"itemListElement\":[{\"@type\":\"ListItem\",\"position\":1,\"name\":\"Etusivu\",\"item\":\"https:\/\/www.kaksinen.fi\/\"},{\"@type\":\"ListItem\",\"position\":2,\"name\":\"B\u00e4ndi\"}]},{\"@type\":\"WebSite\",\"@id\":\"https:\/\/www.kaksinen.fi\/#website\",\"url\":\"https:\/\/www.kaksinen.fi\/\",\"name\":\"Kaksinen\",\"description\":\"Viisihenkinen duo\",\"publisher\":{\"@id\":\"https:\/\/www.kaksinen.fi\/#organization\"},\"potentialAction\":[{\"@type\":\"SearchAction\",\"target\":{\"@type\":\"EntryPoint\",\"urlTemplate\":\"https:\/\/www.kaksinen.fi\/?s={search_term_string}\"},\"query-input\":\"required name=search_term_string\"}],\"inLanguage\":\"fi\"},{\"@type\":\"Organization\",\"@id\":\"https:\/\/www.kaksinen.fi\/#organization\",\"name\":\"Kaksinen\",\"alternateName\":\"Kaksinen band\",\"url\":\"https:\/\/www.kaksinen.fi\/\",\"logo\":{\"@type\":\"ImageObject\",\"inLanguage\":\"fi\",\"@id\":\"https:\/\/www.kaksinen.fi\/#\/schema\/logo\/image\/\",\"url\":\"https:\/\/www.kaksinen.fi\/wp-content\/uploads\/2023\/05\/cropped-logo_pyorea.png\",\"contentUrl\":\"https:\/\/www.kaksinen.fi\/wp-content\/uploads\/2023\/05\/cropped-logo_pyorea.png\",\"width\":512,\"height\":512,\"caption\":\"Kaksinen\"},\"image\":{\"@id\":\"https:\/\/www.kaksinen.fi\/#\/schema\/logo\/image\/\"},\"sameAs\":[\"https:\/\/www.facebook.com\/Kaksinen\",\"https:\/\/www.instagram.com\/kaksinenband\/\"]},{\"@type\":\"Person\",\"@id\":\"https:\/\/www.kaksinen.fi\/#\/schema\/person\/e71b548e4360549fd3621714596bb5be\",\"name\":\"admin\",\"image\":{\"@type\":\"ImageObject\",\"inLanguage\":\"fi\",\"@id\":\"https:\/\/www.kaksinen.fi\/#\/schema\/person\/image\/\",\"url\":\"https:\/\/secure.gravatar.com\/avatar\/706c1fc849c785f64fabe5191fcf1adf?s=96&d=mm&r=g\",\"contentUrl\":\"https:\/\/secure.gravatar.com\/avatar\/706c1fc849c785f64fabe5191fcf1adf?s=96&d=mm&r=g\",\"caption\":\"admin\"},\"sameAs\":[\"http:\/\/studentpages.ingmanedu.fi\/~aputkone\/naytto\"],\"url\":\"https:\/\/www.kaksinen.fi\/?author=1\"}]}<\/script>\n<!-- \/ Yoast SEO plugin. -->","yoast_head_json":{"title":"Kaksinen &#8902; B\u00e4ndi","description":"Kaksisen tarina alkoi siit\u00e4, ett\u00e4 oli kaksi miest\u00e4 ja kaksi kitaraa ja kaksi vanhaa huuliharppua. Esittelyss\u00e4 yhtye ja sen j\u00e4senet.","robots":{"index":"index","follow":"follow","max-snippet":"max-snippet:-1","max-image-preview":"max-image-preview:large","max-video-preview":"max-video-preview:-1"},"canonical":"https:\/\/www.kaksinen.fi\/?page_id=22","og_locale":"fi_FI","og_type":"article","og_title":"Kaksinen &#8902; B\u00e4ndi","og_description":"Kaksisen tarina alkoi siit\u00e4, ett\u00e4 oli kaksi miest\u00e4 ja kaksi kitaraa ja kaksi vanhaa huuliharppua. Esittelyss\u00e4 yhtye ja sen j\u00e4senet.","og_url":"https:\/\/www.kaksinen.fi\/?page_id=22","og_site_name":"Kaksinen","article_publisher":"https:\/\/www.facebook.com\/Kaksinen","article_modified_time":"2023-05-17T16:28:54+00:00","og_image":[{"url":"https:\/\/studentpages.ingmanedu.fi\/~aputkone\/naytto\/wp-content\/uploads\/2023\/05\/cover_1.jpg"}],"schema":{"@context":"https:\/\/schema.org","@graph":[{"@type":"Article","@id":"https:\/\/www.kaksinen.fi\/?page_id=22#article","isPartOf":{"@id":"https:\/\/www.kaksinen.fi\/?page_id=22"},"author":{"name":"admin","@id":"https:\/\/www.kaksinen.fi\/#\/schema\/person\/e71b548e4360549fd3621714596bb5be"},"headline":"B\u00e4ndi","datePublished":"2023-05-02T11:26:00+00:00","dateModified":"2023-05-17T16:28:54+00:00","mainEntityOfPage":{"@id":"https:\/\/www.kaksinen.fi\/?page_id=22"},"wordCount":459,"publisher":{"@id":"https:\/\/www.kaksinen.fi\/#organization"},"inLanguage":"fi"},{"@type":["WebPage","AboutPage"],"@id":"https:\/\/www.kaksinen.fi\/?page_id=22","url":"https:\/\/www.kaksinen.fi\/?page_id=22","name":"Kaksinen &#8902; B\u00e4ndi","isPartOf":{"@id":"https:\/\/www.kaksinen.fi\/#website"},"datePublished":"2023-05-02T11:26:00+00:00","dateModified":"2023-05-17T16:28:54+00:00","description":"Kaksisen tarina alkoi siit\u00e4, ett\u00e4 oli kaksi miest\u00e4 ja kaksi kitaraa ja kaksi vanhaa huuliharppua. Esittelyss\u00e4 yhtye ja sen j\u00e4senet.","breadcrumb":{"@id":"https:\/\/www.kaksinen.fi\/?page_id=22#breadcrumb"},"inLanguage":"fi","potentialAction":[{"@type":"ReadAction","target":["https:\/\/www.kaksinen.fi\/?page_id=22"]}]},{"@type":"BreadcrumbList","@id":"https:\/\/www.kaksinen.fi\/?page_id=22#breadcrumb","itemListElement":[{"@type":"ListItem","position":1,"name":"Etusivu","item":"https:\/\/www.kaksinen.fi\/"},{"@type":"ListItem","position":2,"name":"B\u00e4ndi"}]},{"@type":"WebSite","@id":"https:\/\/www.kaksinen.fi\/#website","url":"https:\/\/www.kaksinen.fi\/","name":"Kaksinen","description":"Viisihenkinen duo","publisher":{"@id":"https:\/\/www.kaksinen.fi\/#organization"},"potentialAction":[{"@type":"SearchAction","target":{"@type":"EntryPoint","urlTemplate":"https:\/\/www.kaksinen.fi\/?s={search_term_string}"},"query-input":"required name=search_term_string"}],"inLanguage":"fi"},{"@type":"Organization","@id":"https:\/\/www.kaksinen.fi\/#organization","name":"Kaksinen","alternateName":"Kaksinen band","url":"https:\/\/www.kaksinen.fi\/","logo":{"@type":"ImageObject","inLanguage":"fi","@id":"https:\/\/www.kaksinen.fi\/#\/schema\/logo\/image\/","url":"https:\/\/www.kaksinen.fi\/wp-content\/uploads\/2023\/05\/cropped-logo_pyorea.png","contentUrl":"https:\/\/www.kaksinen.fi\/wp-content\/uploads\/2023\/05\/cropped-logo_pyorea.png","width":512,"height":512,"caption":"Kaksinen"},"image":{"@id":"https:\/\/www.kaksinen.fi\/#\/schema\/logo\/image\/"},"sameAs":["https:\/\/www.facebook.com\/Kaksinen","https:\/\/www.instagram.com\/kaksinenband\/"]},{"@type":"Person","@id":"https:\/\/www.kaksinen.fi\/#\/schema\/person\/e71b548e4360549fd3621714596bb5be","name":"admin","image":{"@type":"ImageObject","inLanguage":"fi","@id":"https:\/\/www.kaksinen.fi\/#\/schema\/person\/image\/","url":"https:\/\/secure.gravatar.com\/avatar\/706c1fc849c785f64fabe5191fcf1adf?s=96&d=mm&r=g","contentUrl":"https:\/\/secure.gravatar.com\/avatar\/706c1fc849c785f64fabe5191fcf1adf?s=96&d=mm&r=g","caption":"admin"},"sameAs":["http:\/\/studentpages.ingmanedu.fi\/~aputkone\/naytto"],"url":"https:\/\/www.kaksinen.fi\/?author=1"}]}},"_links":{"self":[{"href":"https:\/\/www.kaksinen.fi\/index.php?rest_route=\/wp\/v2\/pages\/22"}],"collection":[{"href":"https:\/\/www.kaksinen.fi\/index.php?rest_route=\/wp\/v2\/pages"}],"about":[{"href":"https:\/\/www.kaksinen.fi\/index.php?rest_route=\/wp\/v2\/types\/page"}],"author":[{"embeddable":true,"href":"https:\/\/www.kaksinen.fi\/index.php?rest_route=\/wp\/v2\/users\/1"}],"replies":[{"embeddable":true,"href":"https:\/\/www.kaksinen.fi\/index.php?rest_route=%2Fwp%2Fv2%2Fcomments&post=22"}],"version-history":[{"count":37,"href":"https:\/\/www.kaksinen.fi\/index.php?rest_route=\/wp\/v2\/pages\/22\/revisions"}],"predecessor-version":[{"id":963,"href":"https:\/\/www.kaksinen.fi\/index.php?rest_route=\/wp\/v2\/pages\/22\/revisions\/963"}],"wp:attachment":[{"href":"https:\/\/www.kaksinen.fi\/index.php?rest_route=%2Fwp%2Fv2%2Fmedia&parent=22"}],"curies":[{"name":"wp","href":"https:\/\/api.w.org\/{rel}","templated":true}]}}