{"id":25,"date":"2023-05-02T14:26:32","date_gmt":"2023-05-02T11:26:32","guid":{"rendered":"https:\/\/studentpages.ingmanedu.fi\/~aputkone\/naytto\/?page_id=25"},"modified":"2023-05-17T19:47:03","modified_gmt":"2023-05-17T16:47:03","slug":"julkaisut","status":"publish","type":"page","link":"https:\/\/www.kaksinen.fi\/?page_id=25","title":{"rendered":"Julkaisut"},"content":{"rendered":"\n<figure class=\"wp-block-image size-full\"><img decoding=\"async\" loading=\"lazy\" width=\"1170\" height=\"600\" src=\"https:\/\/studentpages.ingmanedu.fi\/~aputkone\/naytto\/wp-content\/uploads\/2023\/05\/cover_4.jpg\" alt=\"Soittimia Pannuhuoneen esiintymislavalla.\" class=\"wp-image-515\" srcset=\"https:\/\/www.kaksinen.fi\/wp-content\/uploads\/2023\/05\/cover_4.jpg 1170w, https:\/\/www.kaksinen.fi\/wp-content\/uploads\/2023\/05\/cover_4-300x154.jpg 300w, https:\/\/www.kaksinen.fi\/wp-content\/uploads\/2023\/05\/cover_4-1024x525.jpg 1024w, https:\/\/www.kaksinen.fi\/wp-content\/uploads\/2023\/05\/cover_4-768x394.jpg 768w\" sizes=\"(max-width: 1170px) 100vw, 1170px\" \/><\/figure>\n\n\n\n<div style=\"height:75px\" aria-hidden=\"true\" class=\"wp-block-spacer\"><\/div>\n\n\n\n<div class=\"wp-block-group workarea is-layout-constrained\"><div class=\"wp-block-group__inner-container\">\n<h1 class=\"wp-block-heading\">Julkaisut<\/h1>\n\n\n\n<div style=\"height:50px\" aria-hidden=\"true\" class=\"wp-block-spacer\"><\/div>\n\n\n\n<p>Vuosien aikana on jokunen painos p\u00e4\u00e4tynyt kuunneltavaksi saakka. Muutama ralli on raikannut radiossakin, levyraateja on kunniakkaasti oltu voittamatta. Oma kuulijakuntansa n\u00e4ill\u00e4kin viisuilla on, ehk\u00e4 sin\u00e4kin. Meist\u00e4 ne ainakin on hyvi\u00e4. Itte kuuntelisin. Alla levyt ihan julkaisun mukaisessa j\u00e4rjestyksess\u00e4 (kro-no-lo-gi-ses-ti. Vaikea sana.)<br><br>Kuultavaksi l\u00f6ytyy suoratoistona Spotifysta, youtubessakin jollotellaan ja jos kukkaroon on kilisevi\u00e4 kertynyt, myyt\u00e4v\u00e4\u00e4 voi l\u00f6yty\u00e4 Levykauppa \u00c4x\u00e4st\u00e4 ja ihan virtuaaliveisuja muun muassa Applen kaupasta. Linkkej\u00e4 on nettivelho kylv\u00e4nyt pitkin sivua. Klik klik, ja aina kun rahaa kysyt\u00e4\u00e4n ja tarjotaan hyv\u00e4\u00e4 kauppaa, rohkeasti \u201dKyll\u00e4\u201d.<br><br>Tuosta!<\/p>\n\n\n\n<div style=\"height:50px\" aria-hidden=\"true\" class=\"wp-block-spacer\"><\/div>\n\n\n\n<h2 class=\"wp-block-heading\">2021<\/h2>\n\n\n\n<div class=\"wp-block-columns is-layout-flex wp-container-4\">\n<div class=\"wp-block-column is-layout-flow\" style=\"flex-basis:33.33%\">\n<figure class=\"wp-block-image size-full is-resized is-style-default\"><img decoding=\"async\" loading=\"lazy\" src=\"https:\/\/www.kaksinen.fi\/wp-content\/uploads\/2023\/05\/tiskilta_juotavaa_kansi.jpg\" alt=\"Kaksinen: Tiskilt\u00e4 juotavaa-albumi\" class=\"wp-image-739\" width=\"150\" height=\"150\" srcset=\"https:\/\/www.kaksinen.fi\/wp-content\/uploads\/2023\/05\/tiskilta_juotavaa_kansi.jpg 200w, https:\/\/www.kaksinen.fi\/wp-content\/uploads\/2023\/05\/tiskilta_juotavaa_kansi-150x150.jpg 150w\" sizes=\"(max-width: 150px) 100vw, 150px\" \/><\/figure>\n<\/div>\n\n\n\n<div class=\"wp-block-column is-layout-flow\" style=\"flex-basis:66.66%\">\n<h3 class=\"wp-block-heading\">Tiskilt\u00e4 juotavaa<\/h3>\n\n\n\n<h5 class=\"wp-block-heading\">Albumi<\/h5>\n\n\n\n<div class=\"wp-block-buttons has-custom-font-size has-small-font-size is-horizontal is-content-justification-left is-layout-flex wp-container-2\">\n<div class=\"wp-block-button has-custom-width wp-block-button__width-25 is-style-fill\"><a class=\"wp-block-button__link has-background has-text-align-center wp-element-button\" href=\"https:\/\/open.spotify.com\/album\/14XQT2VQRy6RRvoJQWnZuM?si=o1JDmMjwTX2_rK09xkbTsw\" style=\"border-radius:20px;background-color:#64412b\" target=\"_blank\" rel=\"noreferrer noopener\">Spotify<\/a><\/div>\n\n\n\n<div class=\"wp-block-button has-custom-width wp-block-button__width-25 is-style-fill\"><a class=\"wp-block-button__link has-background wp-element-button\" href=\"https:\/\/music.apple.com\/fi\/album\/sin%C3%A4-tunnet-minut\/1465939313?i=1465939672&amp;l=fi\" style=\"border-radius:20px;background-color:#64412b\" target=\"_blank\" rel=\"noreferrer noopener\">Apple Music<\/a><\/div>\n<\/div>\n<\/div>\n<\/div>\n\n\n\n<div style=\"height:50px\" aria-hidden=\"true\" class=\"wp-block-spacer\"><\/div>\n\n\n\n<div class=\"wp-block-columns is-layout-flex wp-container-8\">\n<div class=\"wp-block-column is-layout-flow\" style=\"flex-basis:33.33%\">\n<figure class=\"wp-block-image size-thumbnail\"><img decoding=\"async\" loading=\"lazy\" width=\"150\" height=\"150\" src=\"https:\/\/studentpages.ingmanedu.fi\/~aputkone\/naytto\/wp-content\/uploads\/2023\/05\/hyvantahtoiset_kansi-150x150.jpg\" alt=\"Kaksinen:Hyv\u00e4ntahtoiset-single\" class=\"wp-image-310\" srcset=\"https:\/\/www.kaksinen.fi\/wp-content\/uploads\/2023\/05\/hyvantahtoiset_kansi-150x150.jpg 150w, https:\/\/www.kaksinen.fi\/wp-content\/uploads\/2023\/05\/hyvantahtoiset_kansi.jpg 200w\" sizes=\"(max-width: 150px) 100vw, 150px\" \/><\/figure>\n<\/div>\n\n\n\n<div class=\"wp-block-column is-layout-flow\" style=\"flex-basis:66.66%\">\n<h3 class=\"wp-block-heading\">Hyv\u00e4ntahtoiset<\/h3>\n\n\n\n<h5 class=\"wp-block-heading\">Single<\/h5>\n\n\n\n<div class=\"wp-block-buttons has-custom-font-size has-small-font-size is-layout-flex\">\n<div class=\"wp-block-button has-custom-width wp-block-button__width-25 is-style-fill\"><a class=\"wp-block-button__link has-background has-text-align-center wp-element-button\" href=\"https:\/\/open.spotify.com\/album\/40Qmgjf2ipZBwHv1k8FVGM?si=tY6xRt9yR6qzeKzBjqJP7w\" style=\"border-radius:20px;background-color:#64412b\" target=\"_blank\" rel=\"noreferrer noopener\">Spotify<\/a><\/div>\n\n\n\n<div class=\"wp-block-button has-custom-width wp-block-button__width-25 is-style-fill\"><a class=\"wp-block-button__link has-background wp-element-button\" href=\"https:\/\/music.apple.com\/us\/album\/hyv%C3%A4ntahtoiset-single\/1550975657\" style=\"border-radius:20px;background-color:#64412b\" target=\"_blank\" rel=\"noreferrer noopener\">Apple Music<\/a><\/div>\n<\/div>\n<\/div>\n<\/div>\n\n\n\n<div style=\"height:50px\" aria-hidden=\"true\" class=\"wp-block-spacer\"><\/div>\n\n\n\n<div class=\"wp-block-columns is-layout-flex wp-container-12\">\n<div class=\"wp-block-column is-layout-flow\" style=\"flex-basis:33.33%\">\n<figure class=\"wp-block-image size-thumbnail\"><img decoding=\"async\" loading=\"lazy\" width=\"150\" height=\"150\" src=\"https:\/\/studentpages.ingmanedu.fi\/~aputkone\/naytto\/wp-content\/uploads\/2023\/05\/hovimestari_kansi-150x150.jpg\" alt=\"Kaksinen: Hovimestari-single\" class=\"wp-image-312\" srcset=\"https:\/\/www.kaksinen.fi\/wp-content\/uploads\/2023\/05\/hovimestari_kansi-150x150.jpg 150w, https:\/\/www.kaksinen.fi\/wp-content\/uploads\/2023\/05\/hovimestari_kansi.jpg 200w\" sizes=\"(max-width: 150px) 100vw, 150px\" \/><\/figure>\n<\/div>\n\n\n\n<div class=\"wp-block-column is-layout-flow\" style=\"flex-basis:66.66%\">\n<h3 class=\"wp-block-heading\">Hovimestari<\/h3>\n\n\n\n<h5 class=\"wp-block-heading\">Single<\/h5>\n\n\n\n<div class=\"wp-block-buttons has-custom-font-size has-small-font-size is-layout-flex\">\n<div class=\"wp-block-button has-custom-width wp-block-button__width-25 is-style-fill\"><a class=\"wp-block-button__link has-background has-text-align-center wp-element-button\" href=\"https:\/\/open.spotify.com\/album\/2FoRFyGtxu0mMPKBf9PCN7?si=XHcwyPXxTKuOC4OYVNCnOw\" style=\"border-radius:20px;background-color:#64412b\" target=\"_blank\" rel=\"noreferrer noopener\">Spotify<\/a><\/div>\n\n\n\n<div class=\"wp-block-button has-custom-width wp-block-button__width-25 is-style-fill\"><a class=\"wp-block-button__link has-background wp-element-button\" href=\"https:\/\/music.apple.com\/us\/album\/hovimestari-single\/1550135078\" style=\"border-radius:20px;background-color:#64412b\" target=\"_blank\" rel=\"noreferrer noopener\">Apple Music<\/a><\/div>\n<\/div>\n<\/div>\n<\/div>\n\n\n\n<div style=\"height:75px\" aria-hidden=\"true\" class=\"wp-block-spacer\"><\/div>\n\n\n\n<h2 class=\"wp-block-heading\">2019<\/h2>\n\n\n\n<div class=\"wp-block-columns is-layout-flex wp-container-16\">\n<div class=\"wp-block-column is-layout-flow\" style=\"flex-basis:33.33%\">\n<figure class=\"wp-block-image size-thumbnail\"><img decoding=\"async\" loading=\"lazy\" width=\"150\" height=\"150\" src=\"https:\/\/studentpages.ingmanedu.fi\/~aputkone\/naytto\/wp-content\/uploads\/2023\/05\/eipa_kansi-150x150.jpg\" alt=\"Kaksinen: Eip\u00e4-albumi\" class=\"wp-image-313\" srcset=\"https:\/\/www.kaksinen.fi\/wp-content\/uploads\/2023\/05\/eipa_kansi-150x150.jpg 150w, https:\/\/www.kaksinen.fi\/wp-content\/uploads\/2023\/05\/eipa_kansi.jpg 200w\" sizes=\"(max-width: 150px) 100vw, 150px\" \/><\/figure>\n<\/div>\n\n\n\n<div class=\"wp-block-column is-layout-flow\" style=\"flex-basis:66.66%\">\n<h3 class=\"wp-block-heading\">Eip\u00e4<\/h3>\n\n\n\n<h5 class=\"wp-block-heading\">Albumi<\/h5>\n\n\n\n<div class=\"wp-block-buttons has-custom-font-size has-small-font-size is-layout-flex\">\n<div class=\"wp-block-button has-custom-width wp-block-button__width-25 is-style-fill\"><a class=\"wp-block-button__link has-background has-text-align-center wp-element-button\" href=\"https:\/\/open.spotify.com\/album\/05JoflnyqislKToxj2k64M?si=hNnO0qbMQe-if4IbkXfQ8g\" style=\"border-radius:20px;background-color:#64412b\" target=\"_blank\" rel=\"noreferrer noopener\">Spotify<\/a><\/div>\n\n\n\n<div class=\"wp-block-button has-custom-width wp-block-button__width-25 is-style-fill\"><a class=\"wp-block-button__link has-background wp-element-button\" href=\"https:\/\/music.apple.com\/us\/album\/eip%C3%A4\/1465939313\" style=\"border-radius:20px;background-color:#64412b\" target=\"_blank\" rel=\"noreferrer noopener\">Apple Music<\/a><\/div>\n<\/div>\n<\/div>\n<\/div>\n\n\n\n<div style=\"height:50px\" aria-hidden=\"true\" class=\"wp-block-spacer\"><\/div>\n\n\n\n<div class=\"wp-block-columns is-layout-flex wp-container-20\">\n<div class=\"wp-block-column is-layout-flow\" style=\"flex-basis:33.33%\">\n<figure class=\"wp-block-image size-full is-resized is-style-default\"><img decoding=\"async\" loading=\"lazy\" src=\"https:\/\/www.kaksinen.fi\/wp-content\/uploads\/2023\/05\/sina_tunnet_minut_kansi-1.jpg\" alt=\"Kaksinen: Sin\u00e4 tunnet minut-single\" class=\"wp-image-852\" width=\"150\" height=\"150\" srcset=\"https:\/\/www.kaksinen.fi\/wp-content\/uploads\/2023\/05\/sina_tunnet_minut_kansi-1.jpg 200w, https:\/\/www.kaksinen.fi\/wp-content\/uploads\/2023\/05\/sina_tunnet_minut_kansi-1-150x150.jpg 150w\" sizes=\"(max-width: 150px) 100vw, 150px\" \/><\/figure>\n<\/div>\n\n\n\n<div class=\"wp-block-column is-layout-flow\" style=\"flex-basis:66.66%\">\n<h3 class=\"wp-block-heading\">Sin\u00e4 tunnet minut<\/h3>\n\n\n\n<h5 class=\"wp-block-heading\">Single<\/h5>\n\n\n\n<div class=\"wp-block-buttons has-custom-font-size has-small-font-size is-layout-flex\">\n<div class=\"wp-block-button has-custom-width wp-block-button__width-25 is-style-fill\"><a class=\"wp-block-button__link has-background has-text-align-center wp-element-button\" href=\"https:\/\/open.spotify.com\/album\/1sQSiRlAhmd6lNdXgAv77v?si=GmeAx8f5RwiDerSEzbiK6A\" style=\"border-radius:20px;background-color:#64412b\" target=\"_blank\" rel=\"noreferrer noopener\">Spotify<\/a><\/div>\n\n\n\n<div class=\"wp-block-button has-custom-width wp-block-button__width-25 is-style-fill\"><a class=\"wp-block-button__link has-background wp-element-button\" href=\"https:\/\/music.apple.com\/us\/album\/sin%C3%A4-tunnet-minut-single\/1451057111\" style=\"border-radius:20px;background-color:#64412b\" target=\"_blank\" rel=\"noreferrer noopener\"> Apple Music<\/a><\/div>\n<\/div>\n<\/div>\n<\/div>\n\n\n\n<div style=\"height:50px\" aria-hidden=\"true\" class=\"wp-block-spacer\"><\/div>\n\n\n\n<div class=\"wp-block-columns is-layout-flex wp-container-24\">\n<div class=\"wp-block-column is-layout-flow\" style=\"flex-basis:33.33%\">\n<figure class=\"wp-block-image size-full is-resized is-style-default\"><img decoding=\"async\" loading=\"lazy\" src=\"https:\/\/www.kaksinen.fi\/wp-content\/uploads\/2023\/05\/vaara_valinta_kansi-1.jpg\" alt=\"Kaksinen: V\u00e4\u00e4r\u00e4 valinta-single\" class=\"wp-image-854\" width=\"150\" height=\"150\" srcset=\"https:\/\/www.kaksinen.fi\/wp-content\/uploads\/2023\/05\/vaara_valinta_kansi-1.jpg 200w, https:\/\/www.kaksinen.fi\/wp-content\/uploads\/2023\/05\/vaara_valinta_kansi-1-150x150.jpg 150w\" sizes=\"(max-width: 150px) 100vw, 150px\" \/><\/figure>\n<\/div>\n\n\n\n<div class=\"wp-block-column is-layout-flow\" style=\"flex-basis:66.66%\">\n<h3 class=\"wp-block-heading\">V\u00e4\u00e4r\u00e4 Valinta<\/h3>\n\n\n\n<h5 class=\"wp-block-heading\">Single<\/h5>\n\n\n\n<div class=\"wp-block-buttons has-custom-font-size has-small-font-size is-nowrap is-layout-flex wp-container-22\">\n<div class=\"wp-block-button has-custom-width wp-block-button__width-25 is-style-fill\"><a class=\"wp-block-button__link has-background has-text-align-center wp-element-button\" href=\"https:\/\/open.spotify.com\/album\/5ZTZXm5KX0f4UebMTj71T5?si=xPJHtm4KTlqT2tuY1tD1vw\" style=\"border-radius:20px;background-color:#64412b\" target=\"_blank\" rel=\"noreferrer noopener\">Spotify<\/a><\/div>\n\n\n\n<div class=\"wp-block-button has-custom-width wp-block-button__width-25 is-style-fill\"><a class=\"wp-block-button__link has-background wp-element-button\" href=\"https:\/\/music.apple.com\/us\/album\/v%C3%A4%C3%A4r%C3%A4-valinta-single\/1446052668\" style=\"border-radius:20px;background-color:#64412b\" target=\"_blank\" rel=\"noreferrer noopener\">Apple Music<\/a><\/div>\n<\/div>\n<\/div>\n<\/div>\n\n\n\n<div style=\"height:75px\" aria-hidden=\"true\" class=\"wp-block-spacer\"><\/div>\n\n\n\n<h2 class=\"wp-block-heading\">2014<\/h2>\n\n\n\n<div class=\"wp-block-columns is-layout-flex wp-container-28\">\n<div class=\"wp-block-column is-layout-flow\" style=\"flex-basis:33.33%\">\n<figure class=\"wp-block-image size-thumbnail\"><img decoding=\"async\" loading=\"lazy\" width=\"150\" height=\"150\" src=\"https:\/\/studentpages.ingmanedu.fi\/~aputkone\/naytto\/wp-content\/uploads\/2023\/05\/pellen_hautajaiset_kansi-150x150.jpg\" alt=\"Kaksinen: Pellen hautajaiset-single\" class=\"wp-image-314\" srcset=\"https:\/\/www.kaksinen.fi\/wp-content\/uploads\/2023\/05\/pellen_hautajaiset_kansi-150x150.jpg 150w, https:\/\/www.kaksinen.fi\/wp-content\/uploads\/2023\/05\/pellen_hautajaiset_kansi.jpg 200w\" sizes=\"(max-width: 150px) 100vw, 150px\" \/><\/figure>\n<\/div>\n\n\n\n<div class=\"wp-block-column is-layout-flow\" style=\"flex-basis:66.66%\">\n<h3 class=\"wp-block-heading\">Pellen hautajaiset<\/h3>\n\n\n\n<h5 class=\"wp-block-heading\">Single<\/h5>\n\n\n\n<div class=\"wp-block-buttons has-custom-font-size has-small-font-size is-layout-flex\">\n<div class=\"wp-block-button has-custom-width wp-block-button__width-25 is-style-fill\"><a class=\"wp-block-button__link has-background has-text-align-center wp-element-button\" href=\"https:\/\/open.spotify.com\/album\/0lOVJ7rN7LX4qM66BifwAo?si=Qyf6loD4S4mgNB3Z5B5J_A\" style=\"border-radius:20px;background-color:#64412b\" target=\"_blank\" rel=\"noreferrer noopener\">Spotify<\/a><\/div>\n\n\n\n<div class=\"wp-block-button has-custom-width wp-block-button__width-25 is-style-fill\"><a class=\"wp-block-button__link has-background wp-element-button\" href=\"\" style=\"border-radius:20px;background-color:#64412b\" target=\"_blank\" rel=\"noreferrer noopener\">Apple Music<\/a><\/div>\n<\/div>\n<\/div>\n<\/div>\n\n\n\n<div style=\"height:75px\" aria-hidden=\"true\" class=\"wp-block-spacer\"><\/div>\n\n\n\n<h2 class=\"wp-block-heading\">2011<\/h2>\n\n\n\n<div class=\"wp-block-columns is-layout-flex wp-container-31\">\n<div class=\"wp-block-column is-layout-flow\" style=\"flex-basis:33.33%\">\n<figure class=\"wp-block-image size-full is-resized\"><img decoding=\"async\" loading=\"lazy\" src=\"https:\/\/www.kaksinen.fi\/wp-content\/uploads\/2023\/05\/kuiskivat_tuulet.jpg\" alt=\"\" class=\"wp-image-911\" width=\"150\" height=\"150\" srcset=\"https:\/\/www.kaksinen.fi\/wp-content\/uploads\/2023\/05\/kuiskivat_tuulet.jpg 200w, https:\/\/www.kaksinen.fi\/wp-content\/uploads\/2023\/05\/kuiskivat_tuulet-150x150.jpg 150w\" sizes=\"(max-width: 150px) 100vw, 150px\" \/><\/figure>\n<\/div>\n\n\n\n<div class=\"wp-block-column is-layout-flow\" style=\"flex-basis:66.66%\">\n<h3 class=\"wp-block-heading\">Kuiskivat tuulet \/ Lossi<\/h3>\n\n\n\n<h5 class=\"wp-block-heading\">Single<\/h5>\n<\/div>\n<\/div>\n\n\n\n<div style=\"height:50px\" aria-hidden=\"true\" class=\"wp-block-spacer\"><\/div>\n<\/div><\/div>\n","protected":false},"excerpt":{"rendered":"<p>Julkaisut Vuosien aikana on jokunen painos p\u00e4\u00e4tynyt kuunneltavaksi saakka. Muutama ralli on raikannut radiossakin, levyraateja on kunniakkaasti oltu voittamatta. Oma kuulijakuntansa n\u00e4ill\u00e4kin viisuilla on, ehk\u00e4 sin\u00e4kin. Meist\u00e4 ne ainakin on hyvi\u00e4. Itte kuuntelisin. Alla levyt ihan julkaisun mukaisessa j\u00e4rjestyksess\u00e4 (kro-no-lo-gi-ses-ti. Vaikea sana.) Kuultavaksi l\u00f6ytyy suoratoistona Spotifysta, youtubessakin jollotellaan ja jos kukkaroon on kilisevi\u00e4 kertynyt, myyt\u00e4v\u00e4\u00e4&hellip;&nbsp;<a href=\"https:\/\/www.kaksinen.fi\/?page_id=25\" rel=\"bookmark\">Lue lis\u00e4\u00e4 &raquo;<span class=\"screen-reader-text\">Julkaisut<\/span><\/a><\/p>\n","protected":false},"author":1,"featured_media":0,"parent":0,"menu_order":0,"comment_status":"closed","ping_status":"closed","template":"","meta":{"neve_meta_sidebar":"","neve_meta_container":"","neve_meta_enable_content_width":"off","neve_meta_content_width":89,"neve_meta_title_alignment":"","neve_meta_author_avatar":"","neve_post_elements_order":"","neve_meta_disable_header":"","neve_meta_disable_footer":"","neve_meta_disable_title":"on","ngg_post_thumbnail":0},"yoast_head":"<!-- This site is optimized with the Yoast SEO plugin v21.8.1 - https:\/\/yoast.com\/wordpress\/plugins\/seo\/ -->\n<title>Kaksinen &#8902; Julkaisut<\/title>\n<meta name=\"description\" content=\"Kaksisen kaikki \u00e4\u00e4nitetyt singlet ja albumit. Linkeist\u00e4 p\u00e4\u00e4set kuuntelemaan Spotifyss\u00e4 ja Apple Musicissa.\" \/>\n<meta name=\"robots\" content=\"index, follow, max-snippet:-1, max-image-preview:large, max-video-preview:-1\" \/>\n<link rel=\"canonical\" href=\"https:\/\/www.kaksinen.fi\/?page_id=25\" \/>\n<meta property=\"og:locale\" content=\"fi_FI\" \/>\n<meta property=\"og:type\" content=\"article\" \/>\n<meta property=\"og:title\" content=\"Kaksinen &#8902; Julkaisut\" \/>\n<meta property=\"og:description\" content=\"Kaksisen kaikki \u00e4\u00e4nitetyt singlet ja albumit. Linkeist\u00e4 p\u00e4\u00e4set kuuntelemaan Spotifyss\u00e4 ja Apple Musicissa.\" \/>\n<meta property=\"og:url\" content=\"https:\/\/www.kaksinen.fi\/?page_id=25\" \/>\n<meta property=\"og:site_name\" content=\"Kaksinen\" \/>\n<meta property=\"article:publisher\" content=\"https:\/\/www.facebook.com\/Kaksinen\" \/>\n<meta property=\"article:modified_time\" content=\"2023-05-17T16:47:03+00:00\" \/>\n<meta property=\"og:image\" content=\"https:\/\/studentpages.ingmanedu.fi\/~aputkone\/naytto\/wp-content\/uploads\/2023\/05\/cover_4.jpg\" \/>\n<script type=\"application\/ld+json\" class=\"yoast-schema-graph\">{\"@context\":\"https:\/\/schema.org\",\"@graph\":[{\"@type\":\"WebPage\",\"@id\":\"https:\/\/www.kaksinen.fi\/?page_id=25\",\"url\":\"https:\/\/www.kaksinen.fi\/?page_id=25\",\"name\":\"Kaksinen &#8902; Julkaisut\",\"isPartOf\":{\"@id\":\"https:\/\/www.kaksinen.fi\/#website\"},\"datePublished\":\"2023-05-02T11:26:32+00:00\",\"dateModified\":\"2023-05-17T16:47:03+00:00\",\"description\":\"Kaksisen kaikki \u00e4\u00e4nitetyt singlet ja albumit. Linkeist\u00e4 p\u00e4\u00e4set kuuntelemaan Spotifyss\u00e4 ja Apple Musicissa.\",\"breadcrumb\":{\"@id\":\"https:\/\/www.kaksinen.fi\/?page_id=25#breadcrumb\"},\"inLanguage\":\"fi\",\"potentialAction\":[{\"@type\":\"ReadAction\",\"target\":[\"https:\/\/www.kaksinen.fi\/?page_id=25\"]}]},{\"@type\":\"BreadcrumbList\",\"@id\":\"https:\/\/www.kaksinen.fi\/?page_id=25#breadcrumb\",\"itemListElement\":[{\"@type\":\"ListItem\",\"position\":1,\"name\":\"Etusivu\",\"item\":\"https:\/\/www.kaksinen.fi\/\"},{\"@type\":\"ListItem\",\"position\":2,\"name\":\"Julkaisut\"}]},{\"@type\":\"WebSite\",\"@id\":\"https:\/\/www.kaksinen.fi\/#website\",\"url\":\"https:\/\/www.kaksinen.fi\/\",\"name\":\"Kaksinen\",\"description\":\"Viisihenkinen duo\",\"publisher\":{\"@id\":\"https:\/\/www.kaksinen.fi\/#organization\"},\"potentialAction\":[{\"@type\":\"SearchAction\",\"target\":{\"@type\":\"EntryPoint\",\"urlTemplate\":\"https:\/\/www.kaksinen.fi\/?s={search_term_string}\"},\"query-input\":\"required name=search_term_string\"}],\"inLanguage\":\"fi\"},{\"@type\":\"Organization\",\"@id\":\"https:\/\/www.kaksinen.fi\/#organization\",\"name\":\"Kaksinen\",\"alternateName\":\"Kaksinen band\",\"url\":\"https:\/\/www.kaksinen.fi\/\",\"logo\":{\"@type\":\"ImageObject\",\"inLanguage\":\"fi\",\"@id\":\"https:\/\/www.kaksinen.fi\/#\/schema\/logo\/image\/\",\"url\":\"https:\/\/www.kaksinen.fi\/wp-content\/uploads\/2023\/05\/cropped-logo_pyorea.png\",\"contentUrl\":\"https:\/\/www.kaksinen.fi\/wp-content\/uploads\/2023\/05\/cropped-logo_pyorea.png\",\"width\":512,\"height\":512,\"caption\":\"Kaksinen\"},\"image\":{\"@id\":\"https:\/\/www.kaksinen.fi\/#\/schema\/logo\/image\/\"},\"sameAs\":[\"https:\/\/www.facebook.com\/Kaksinen\",\"https:\/\/www.instagram.com\/kaksinenband\/\"]}]}<\/script>\n<!-- \/ Yoast SEO plugin. -->","yoast_head_json":{"title":"Kaksinen &#8902; Julkaisut","description":"Kaksisen kaikki \u00e4\u00e4nitetyt singlet ja albumit. Linkeist\u00e4 p\u00e4\u00e4set kuuntelemaan Spotifyss\u00e4 ja Apple Musicissa.","robots":{"index":"index","follow":"follow","max-snippet":"max-snippet:-1","max-image-preview":"max-image-preview:large","max-video-preview":"max-video-preview:-1"},"canonical":"https:\/\/www.kaksinen.fi\/?page_id=25","og_locale":"fi_FI","og_type":"article","og_title":"Kaksinen &#8902; Julkaisut","og_description":"Kaksisen kaikki \u00e4\u00e4nitetyt singlet ja albumit. Linkeist\u00e4 p\u00e4\u00e4set kuuntelemaan Spotifyss\u00e4 ja Apple Musicissa.","og_url":"https:\/\/www.kaksinen.fi\/?page_id=25","og_site_name":"Kaksinen","article_publisher":"https:\/\/www.facebook.com\/Kaksinen","article_modified_time":"2023-05-17T16:47:03+00:00","og_image":[{"url":"https:\/\/studentpages.ingmanedu.fi\/~aputkone\/naytto\/wp-content\/uploads\/2023\/05\/cover_4.jpg"}],"schema":{"@context":"https:\/\/schema.org","@graph":[{"@type":"WebPage","@id":"https:\/\/www.kaksinen.fi\/?page_id=25","url":"https:\/\/www.kaksinen.fi\/?page_id=25","name":"Kaksinen &#8902; Julkaisut","isPartOf":{"@id":"https:\/\/www.kaksinen.fi\/#website"},"datePublished":"2023-05-02T11:26:32+00:00","dateModified":"2023-05-17T16:47:03+00:00","description":"Kaksisen kaikki \u00e4\u00e4nitetyt singlet ja albumit. Linkeist\u00e4 p\u00e4\u00e4set kuuntelemaan Spotifyss\u00e4 ja Apple Musicissa.","breadcrumb":{"@id":"https:\/\/www.kaksinen.fi\/?page_id=25#breadcrumb"},"inLanguage":"fi","potentialAction":[{"@type":"ReadAction","target":["https:\/\/www.kaksinen.fi\/?page_id=25"]}]},{"@type":"BreadcrumbList","@id":"https:\/\/www.kaksinen.fi\/?page_id=25#breadcrumb","itemListElement":[{"@type":"ListItem","position":1,"name":"Etusivu","item":"https:\/\/www.kaksinen.fi\/"},{"@type":"ListItem","position":2,"name":"Julkaisut"}]},{"@type":"WebSite","@id":"https:\/\/www.kaksinen.fi\/#website","url":"https:\/\/www.kaksinen.fi\/","name":"Kaksinen","description":"Viisihenkinen duo","publisher":{"@id":"https:\/\/www.kaksinen.fi\/#organization"},"potentialAction":[{"@type":"SearchAction","target":{"@type":"EntryPoint","urlTemplate":"https:\/\/www.kaksinen.fi\/?s={search_term_string}"},"query-input":"required name=search_term_string"}],"inLanguage":"fi"},{"@type":"Organization","@id":"https:\/\/www.kaksinen.fi\/#organization","name":"Kaksinen","alternateName":"Kaksinen band","url":"https:\/\/www.kaksinen.fi\/","logo":{"@type":"ImageObject","inLanguage":"fi","@id":"https:\/\/www.kaksinen.fi\/#\/schema\/logo\/image\/","url":"https:\/\/www.kaksinen.fi\/wp-content\/uploads\/2023\/05\/cropped-logo_pyorea.png","contentUrl":"https:\/\/www.kaksinen.fi\/wp-content\/uploads\/2023\/05\/cropped-logo_pyorea.png","width":512,"height":512,"caption":"Kaksinen"},"image":{"@id":"https:\/\/www.kaksinen.fi\/#\/schema\/logo\/image\/"},"sameAs":["https:\/\/www.facebook.com\/Kaksinen","https:\/\/www.instagram.com\/kaksinenband\/"]}]}},"_links":{"self":[{"href":"https:\/\/www.kaksinen.fi\/index.php?rest_route=\/wp\/v2\/pages\/25"}],"collection":[{"href":"https:\/\/www.kaksinen.fi\/index.php?rest_route=\/wp\/v2\/pages"}],"about":[{"href":"https:\/\/www.kaksinen.fi\/index.php?rest_route=\/wp\/v2\/types\/page"}],"author":[{"embeddable":true,"href":"https:\/\/www.kaksinen.fi\/index.php?rest_route=\/wp\/v2\/users\/1"}],"replies":[{"embeddable":true,"href":"https:\/\/www.kaksinen.fi\/index.php?rest_route=%2Fwp%2Fv2%2Fcomments&post=25"}],"version-history":[{"count":74,"href":"https:\/\/www.kaksinen.fi\/index.php?rest_route=\/wp\/v2\/pages\/25\/revisions"}],"predecessor-version":[{"id":988,"href":"https:\/\/www.kaksinen.fi\/index.php?rest_route=\/wp\/v2\/pages\/25\/revisions\/988"}],"wp:attachment":[{"href":"https:\/\/www.kaksinen.fi\/index.php?rest_route=%2Fwp%2Fv2%2Fmedia&parent=25"}],"curies":[{"name":"wp","href":"https:\/\/api.w.org\/{rel}","templated":true}]}}