{"id":31,"date":"2023-05-02T14:27:08","date_gmt":"2023-05-02T11:27:08","guid":{"rendered":"https:\/\/studentpages.ingmanedu.fi\/~aputkone\/naytto\/?page_id=31"},"modified":"2023-05-17T19:36:42","modified_gmt":"2023-05-17T16:36:42","slug":"yhteystiedot","status":"publish","type":"page","link":"https:\/\/www.kaksinen.fi\/?page_id=31","title":{"rendered":"Yhteystiedot"},"content":{"rendered":"\n<figure class=\"wp-block-image size-full\"><img decoding=\"async\" loading=\"lazy\" width=\"1170\" height=\"600\" src=\"https:\/\/studentpages.ingmanedu.fi\/~aputkone\/naytto\/wp-content\/uploads\/2023\/05\/cover_5.jpg\" alt=\"Keikkavarustus lavalla sinisess\u00e4 valossa.\" class=\"wp-image-564\" srcset=\"https:\/\/www.kaksinen.fi\/wp-content\/uploads\/2023\/05\/cover_5.jpg 1170w, https:\/\/www.kaksinen.fi\/wp-content\/uploads\/2023\/05\/cover_5-300x154.jpg 300w, https:\/\/www.kaksinen.fi\/wp-content\/uploads\/2023\/05\/cover_5-1024x525.jpg 1024w, https:\/\/www.kaksinen.fi\/wp-content\/uploads\/2023\/05\/cover_5-768x394.jpg 768w\" sizes=\"(max-width: 1170px) 100vw, 1170px\" \/><\/figure>\n\n\n\n<div style=\"height:75px\" aria-hidden=\"true\" class=\"wp-block-spacer\"><\/div>\n\n\n\n<div class=\"wp-block-group workarea is-layout-constrained\"><div class=\"wp-block-group__inner-container\">\n<h1 class=\"wp-block-heading\">Yhteystiedot<\/h1>\n\n\n\n<div style=\"height:50px\" aria-hidden=\"true\" class=\"wp-block-spacer\"><\/div>\n\n\n\n<p>T\u00e4\u00e4lt\u00e4 meihin saa yhteyden. Keikkakalenteria kyseltiin, mutta siin\u00e4 tarkoituksessa etusivullakin l\u00f6ytyv\u00e4t sosiopaattisen median linkit toimivat jouhevammin. Meid\u00e4t saa my\u00f6s halutessaan tilattua esiintym\u00e4\u00e4n mik\u00e4li sopivaa keikkaa ei jo l\u00f6ydy (h\u00e4\u00e4keikkoja ei soiteta, hautajaiset taas\u2026), tekniikan kera tai ilman, siihen tarkoitukseen on alla s\u00e4hk\u00f6is\u00e4\u00e4 postiosoitetta. Somettaakin saa, ainakin yksi meist\u00e4 osaa sit\u00e4 hyvin k\u00e4ytt\u00e4\u00e4.<\/p>\n\n\n\n<div style=\"height:30px\" aria-hidden=\"true\" class=\"wp-block-spacer\"><\/div>\n\n\n\n<div class=\"wp-block-columns is-layout-flex wp-container-3\">\n<div class=\"wp-block-column is-layout-flow\">\n<h2 class=\"wp-block-heading\">Keikkamyynti<\/h2>\n\n\n\n<p>kaksinenband(a)gmail.com<\/p>\n\n\n\n<div style=\"height:75px\" aria-hidden=\"true\" class=\"wp-block-spacer\"><\/div>\n\n\n\n<h2 class=\"wp-block-heading\">Levymyynti<\/h2>\n\n\n\n<p>Kaksinen-tuotteet myy <a href=\"https:\/\/www.levykauppax.fi\/search\/?q=kaksinen\" target=\"_blank\" rel=\"noreferrer noopener\">Levykauppa \u00c4x<\/a><\/p>\n\n\n\n<div style=\"height:75px\" aria-hidden=\"true\" class=\"wp-block-spacer\"><\/div>\n\n\n\n<h2 class=\"wp-block-heading\">Julkaisija<\/h2>\n\n\n\n<p>Inverse Records <a href=\"https:\/\/www.inverse.fi\" target=\"_blank\" rel=\"noreferrer noopener\">www.inverse.fi<\/a><\/p>\n<\/div>\n\n\n\n<div class=\"wp-block-column is-layout-flow\">\n<figure class=\"wp-block-image size-full is-resized\"><img decoding=\"async\" loading=\"lazy\" src=\"https:\/\/studentpages.ingmanedu.fi\/~aputkone\/naytto\/wp-content\/uploads\/2023\/05\/20.jpg\" alt=\"Kaksinen Make ja Petteri Qulkurissa\" class=\"wp-image-363\" width=\"540\" height=\"720\" srcset=\"https:\/\/www.kaksinen.fi\/wp-content\/uploads\/2023\/05\/20.jpg 720w, https:\/\/www.kaksinen.fi\/wp-content\/uploads\/2023\/05\/20-225x300.jpg 225w\" sizes=\"(max-width: 540px) 100vw, 540px\" \/><\/figure>\n<\/div>\n<\/div>\n\n\n\n<p><strong>Web design:<\/strong> A. Putkonen<br><strong>Webmaster:<\/strong> J-P Pirskanen<\/p>\n\n\n\n<div style=\"height:100px\" aria-hidden=\"true\" class=\"wp-block-spacer\"><\/div>\n<\/div><\/div>\n","protected":false},"excerpt":{"rendered":"<p>Yhteystiedot T\u00e4\u00e4lt\u00e4 meihin saa yhteyden. Keikkakalenteria kyseltiin, mutta siin\u00e4 tarkoituksessa etusivullakin l\u00f6ytyv\u00e4t sosiopaattisen median linkit toimivat jouhevammin. Meid\u00e4t saa my\u00f6s halutessaan tilattua esiintym\u00e4\u00e4n mik\u00e4li sopivaa keikkaa ei jo l\u00f6ydy (h\u00e4\u00e4keikkoja ei soiteta, hautajaiset taas\u2026), tekniikan kera tai ilman, siihen tarkoitukseen on alla s\u00e4hk\u00f6is\u00e4\u00e4 postiosoitetta. Somettaakin saa, ainakin yksi meist\u00e4 osaa sit\u00e4 hyvin k\u00e4ytt\u00e4\u00e4. Keikkamyynti kaksinenband(a)gmail.com&hellip;&nbsp;<a href=\"https:\/\/www.kaksinen.fi\/?page_id=31\" rel=\"bookmark\">Lue lis\u00e4\u00e4 &raquo;<span class=\"screen-reader-text\">Yhteystiedot<\/span><\/a><\/p>\n","protected":false},"author":1,"featured_media":0,"parent":0,"menu_order":0,"comment_status":"closed","ping_status":"closed","template":"","meta":{"neve_meta_sidebar":"","neve_meta_container":"","neve_meta_enable_content_width":"","neve_meta_content_width":0,"neve_meta_title_alignment":"","neve_meta_author_avatar":"","neve_post_elements_order":"","neve_meta_disable_header":"","neve_meta_disable_footer":"","neve_meta_disable_title":"on","ngg_post_thumbnail":0},"yoast_head":"<!-- This site is optimized with the Yoast SEO plugin v21.8.1 - https:\/\/yoast.com\/wordpress\/plugins\/seo\/ -->\n<title>Kaksinen &#8902; Yhteystiedot<\/title>\n<meta name=\"description\" content=\"Ota yhteytt\u00e4! Keikkamyynti s\u00e4hk\u00f6postilla kaksinenband(a)gmail.com. Levyt ja muut Kaksinen-tuotteet myy Levykauppa \u00c4x.\" \/>\n<meta name=\"robots\" content=\"index, follow, max-snippet:-1, max-image-preview:large, max-video-preview:-1\" \/>\n<link rel=\"canonical\" href=\"https:\/\/www.kaksinen.fi\/?page_id=31\" \/>\n<meta property=\"og:locale\" content=\"fi_FI\" \/>\n<meta property=\"og:type\" content=\"article\" \/>\n<meta property=\"og:title\" content=\"Kaksinen &#8902; Yhteystiedot\" \/>\n<meta property=\"og:description\" content=\"Ota yhteytt\u00e4! Keikkamyynti s\u00e4hk\u00f6postilla kaksinenband(a)gmail.com. Levyt ja muut Kaksinen-tuotteet myy Levykauppa \u00c4x.\" \/>\n<meta property=\"og:url\" content=\"https:\/\/www.kaksinen.fi\/?page_id=31\" \/>\n<meta property=\"og:site_name\" content=\"Kaksinen\" \/>\n<meta property=\"article:publisher\" content=\"https:\/\/www.facebook.com\/Kaksinen\" \/>\n<meta property=\"article:modified_time\" content=\"2023-05-17T16:36:42+00:00\" \/>\n<meta property=\"og:image\" content=\"https:\/\/studentpages.ingmanedu.fi\/~aputkone\/naytto\/wp-content\/uploads\/2023\/05\/cover_5.jpg\" \/>\n<script type=\"application\/ld+json\" class=\"yoast-schema-graph\">{\"@context\":\"https:\/\/schema.org\",\"@graph\":[{\"@type\":\"WebPage\",\"@id\":\"https:\/\/www.kaksinen.fi\/?page_id=31\",\"url\":\"https:\/\/www.kaksinen.fi\/?page_id=31\",\"name\":\"Kaksinen &#8902; Yhteystiedot\",\"isPartOf\":{\"@id\":\"https:\/\/www.kaksinen.fi\/#website\"},\"datePublished\":\"2023-05-02T11:27:08+00:00\",\"dateModified\":\"2023-05-17T16:36:42+00:00\",\"description\":\"Ota yhteytt\u00e4! Keikkamyynti s\u00e4hk\u00f6postilla kaksinenband(a)gmail.com. Levyt ja muut Kaksinen-tuotteet myy Levykauppa \u00c4x.\",\"breadcrumb\":{\"@id\":\"https:\/\/www.kaksinen.fi\/?page_id=31#breadcrumb\"},\"inLanguage\":\"fi\",\"potentialAction\":[{\"@type\":\"ReadAction\",\"target\":[\"https:\/\/www.kaksinen.fi\/?page_id=31\"]}]},{\"@type\":\"BreadcrumbList\",\"@id\":\"https:\/\/www.kaksinen.fi\/?page_id=31#breadcrumb\",\"itemListElement\":[{\"@type\":\"ListItem\",\"position\":1,\"name\":\"Etusivu\",\"item\":\"https:\/\/www.kaksinen.fi\/\"},{\"@type\":\"ListItem\",\"position\":2,\"name\":\"Yhteystiedot\"}]},{\"@type\":\"WebSite\",\"@id\":\"https:\/\/www.kaksinen.fi\/#website\",\"url\":\"https:\/\/www.kaksinen.fi\/\",\"name\":\"Kaksinen\",\"description\":\"Viisihenkinen duo\",\"publisher\":{\"@id\":\"https:\/\/www.kaksinen.fi\/#organization\"},\"potentialAction\":[{\"@type\":\"SearchAction\",\"target\":{\"@type\":\"EntryPoint\",\"urlTemplate\":\"https:\/\/www.kaksinen.fi\/?s={search_term_string}\"},\"query-input\":\"required name=search_term_string\"}],\"inLanguage\":\"fi\"},{\"@type\":\"Organization\",\"@id\":\"https:\/\/www.kaksinen.fi\/#organization\",\"name\":\"Kaksinen\",\"alternateName\":\"Kaksinen band\",\"url\":\"https:\/\/www.kaksinen.fi\/\",\"logo\":{\"@type\":\"ImageObject\",\"inLanguage\":\"fi\",\"@id\":\"https:\/\/www.kaksinen.fi\/#\/schema\/logo\/image\/\",\"url\":\"https:\/\/www.kaksinen.fi\/wp-content\/uploads\/2023\/05\/cropped-logo_pyorea.png\",\"contentUrl\":\"https:\/\/www.kaksinen.fi\/wp-content\/uploads\/2023\/05\/cropped-logo_pyorea.png\",\"width\":512,\"height\":512,\"caption\":\"Kaksinen\"},\"image\":{\"@id\":\"https:\/\/www.kaksinen.fi\/#\/schema\/logo\/image\/\"},\"sameAs\":[\"https:\/\/www.facebook.com\/Kaksinen\",\"https:\/\/www.instagram.com\/kaksinenband\/\"]}]}<\/script>\n<!-- \/ Yoast SEO plugin. -->","yoast_head_json":{"title":"Kaksinen &#8902; Yhteystiedot","description":"Ota yhteytt\u00e4! Keikkamyynti s\u00e4hk\u00f6postilla kaksinenband(a)gmail.com. Levyt ja muut Kaksinen-tuotteet myy Levykauppa \u00c4x.","robots":{"index":"index","follow":"follow","max-snippet":"max-snippet:-1","max-image-preview":"max-image-preview:large","max-video-preview":"max-video-preview:-1"},"canonical":"https:\/\/www.kaksinen.fi\/?page_id=31","og_locale":"fi_FI","og_type":"article","og_title":"Kaksinen &#8902; Yhteystiedot","og_description":"Ota yhteytt\u00e4! Keikkamyynti s\u00e4hk\u00f6postilla kaksinenband(a)gmail.com. Levyt ja muut Kaksinen-tuotteet myy Levykauppa \u00c4x.","og_url":"https:\/\/www.kaksinen.fi\/?page_id=31","og_site_name":"Kaksinen","article_publisher":"https:\/\/www.facebook.com\/Kaksinen","article_modified_time":"2023-05-17T16:36:42+00:00","og_image":[{"url":"https:\/\/studentpages.ingmanedu.fi\/~aputkone\/naytto\/wp-content\/uploads\/2023\/05\/cover_5.jpg"}],"schema":{"@context":"https:\/\/schema.org","@graph":[{"@type":"WebPage","@id":"https:\/\/www.kaksinen.fi\/?page_id=31","url":"https:\/\/www.kaksinen.fi\/?page_id=31","name":"Kaksinen &#8902; Yhteystiedot","isPartOf":{"@id":"https:\/\/www.kaksinen.fi\/#website"},"datePublished":"2023-05-02T11:27:08+00:00","dateModified":"2023-05-17T16:36:42+00:00","description":"Ota yhteytt\u00e4! Keikkamyynti s\u00e4hk\u00f6postilla kaksinenband(a)gmail.com. Levyt ja muut Kaksinen-tuotteet myy Levykauppa \u00c4x.","breadcrumb":{"@id":"https:\/\/www.kaksinen.fi\/?page_id=31#breadcrumb"},"inLanguage":"fi","potentialAction":[{"@type":"ReadAction","target":["https:\/\/www.kaksinen.fi\/?page_id=31"]}]},{"@type":"BreadcrumbList","@id":"https:\/\/www.kaksinen.fi\/?page_id=31#breadcrumb","itemListElement":[{"@type":"ListItem","position":1,"name":"Etusivu","item":"https:\/\/www.kaksinen.fi\/"},{"@type":"ListItem","position":2,"name":"Yhteystiedot"}]},{"@type":"WebSite","@id":"https:\/\/www.kaksinen.fi\/#website","url":"https:\/\/www.kaksinen.fi\/","name":"Kaksinen","description":"Viisihenkinen duo","publisher":{"@id":"https:\/\/www.kaksinen.fi\/#organization"},"potentialAction":[{"@type":"SearchAction","target":{"@type":"EntryPoint","urlTemplate":"https:\/\/www.kaksinen.fi\/?s={search_term_string}"},"query-input":"required name=search_term_string"}],"inLanguage":"fi"},{"@type":"Organization","@id":"https:\/\/www.kaksinen.fi\/#organization","name":"Kaksinen","alternateName":"Kaksinen band","url":"https:\/\/www.kaksinen.fi\/","logo":{"@type":"ImageObject","inLanguage":"fi","@id":"https:\/\/www.kaksinen.fi\/#\/schema\/logo\/image\/","url":"https:\/\/www.kaksinen.fi\/wp-content\/uploads\/2023\/05\/cropped-logo_pyorea.png","contentUrl":"https:\/\/www.kaksinen.fi\/wp-content\/uploads\/2023\/05\/cropped-logo_pyorea.png","width":512,"height":512,"caption":"Kaksinen"},"image":{"@id":"https:\/\/www.kaksinen.fi\/#\/schema\/logo\/image\/"},"sameAs":["https:\/\/www.facebook.com\/Kaksinen","https:\/\/www.instagram.com\/kaksinenband\/"]}]}},"_links":{"self":[{"href":"https:\/\/www.kaksinen.fi\/index.php?rest_route=\/wp\/v2\/pages\/31"}],"collection":[{"href":"https:\/\/www.kaksinen.fi\/index.php?rest_route=\/wp\/v2\/pages"}],"about":[{"href":"https:\/\/www.kaksinen.fi\/index.php?rest_route=\/wp\/v2\/types\/page"}],"author":[{"embeddable":true,"href":"https:\/\/www.kaksinen.fi\/index.php?rest_route=\/wp\/v2\/users\/1"}],"replies":[{"embeddable":true,"href":"https:\/\/www.kaksinen.fi\/index.php?rest_route=%2Fwp%2Fv2%2Fcomments&post=31"}],"version-history":[{"count":37,"href":"https:\/\/www.kaksinen.fi\/index.php?rest_route=\/wp\/v2\/pages\/31\/revisions"}],"predecessor-version":[{"id":975,"href":"https:\/\/www.kaksinen.fi\/index.php?rest_route=\/wp\/v2\/pages\/31\/revisions\/975"}],"wp:attachment":[{"href":"https:\/\/www.kaksinen.fi\/index.php?rest_route=%2Fwp%2Fv2%2Fmedia&parent=31"}],"curies":[{"name":"wp","href":"https:\/\/api.w.org\/{rel}","templated":true}]}}